{"id":156695,"date":"2026-04-28T03:12:03","date_gmt":"2026-04-28T00:12:03","guid":{"rendered":"https:\/\/ventspils.citro.lv\/veikals\/siers-kausets-cedar-skelites-tost-130g\/"},"modified":"2026-04-28T03:12:14","modified_gmt":"2026-04-28T00:12:14","slug":"siers-kausets-cedar-skelites-tost-130g","status":"publish","type":"product","link":"https:\/\/ventspils.citro.lv\/ru\/veikals\/siers-kausets-cedar-skelites-tost-130g\/","title":{"rendered":"Siers kaus\u0113ts \u010cedar \u0161\u0137\u0113l\u012bt\u0113s Tost 130g"},"content":{"rendered":"","protected":false},"excerpt":{"rendered":"<p>12.23 \u20ac\/kg<\/p>\n","protected":false},"featured_media":1254260,"template":"","meta":{"_acf_changed":false,"inline_featured_image":false},"product_cat":[95,223],"product_tag":[],"acf":[],"aioseo_notices":[],"_links":{"self":[{"href":"https:\/\/ventspils.citro.lv\/ru\/wp-json\/wp\/v2\/product\/156695"}],"collection":[{"href":"https:\/\/ventspils.citro.lv\/ru\/wp-json\/wp\/v2\/product"}],"about":[{"href":"https:\/\/ventspils.citro.lv\/ru\/wp-json\/wp\/v2\/types\/product"}],"wp:featuredmedia":[{"embeddable":true,"href":"https:\/\/ventspils.citro.lv\/ru\/wp-json\/wp\/v2\/media\/1254260"}],"wp:attachment":[{"href":"https:\/\/ventspils.citro.lv\/ru\/wp-json\/wp\/v2\/media?parent=156695"}],"wp:term":[{"taxonomy":"product_cat","embeddable":true,"href":"https:\/\/ventspils.citro.lv\/ru\/wp-json\/wp\/v2\/product_cat?post=156695"},{"taxonomy":"product_tag","embeddable":true,"href":"https:\/\/ventspils.citro.lv\/ru\/wp-json\/wp\/v2\/product_tag?post=156695"}],"curies":[{"name":"wp","href":"https:\/\/api.w.org\/{rel}","templated":true}]}}