{"id":15538,"date":"2026-03-03T02:09:37","date_gmt":"2026-03-03T00:09:37","guid":{"rendered":"https:\/\/ventspils.citro.lv\/veikals\/sokolades-batonins-tupla-85g\/"},"modified":"2026-03-03T02:09:42","modified_gmt":"2026-03-03T00:09:42","slug":"sokolades-batonins-tupla-85g","status":"publish","type":"product","link":"https:\/\/ventspils.citro.lv\/ru\/veikals\/sokolades-batonins-tupla-85g\/","title":{"rendered":"\u0160okol\u0101des batoni\u0146\u0161 Tupla 85g"},"content":{"rendered":"","protected":false},"excerpt":{"rendered":"<p>21.76 \u20ac\/kg<\/p>\n","protected":false},"featured_media":1220229,"template":"","meta":{"_acf_changed":false,"inline_featured_image":false},"product_cat":[556,125],"product_tag":[],"acf":[],"aioseo_notices":[],"_links":{"self":[{"href":"https:\/\/ventspils.citro.lv\/ru\/wp-json\/wp\/v2\/product\/15538"}],"collection":[{"href":"https:\/\/ventspils.citro.lv\/ru\/wp-json\/wp\/v2\/product"}],"about":[{"href":"https:\/\/ventspils.citro.lv\/ru\/wp-json\/wp\/v2\/types\/product"}],"wp:featuredmedia":[{"embeddable":true,"href":"https:\/\/ventspils.citro.lv\/ru\/wp-json\/wp\/v2\/media\/1220229"}],"wp:attachment":[{"href":"https:\/\/ventspils.citro.lv\/ru\/wp-json\/wp\/v2\/media?parent=15538"}],"wp:term":[{"taxonomy":"product_cat","embeddable":true,"href":"https:\/\/ventspils.citro.lv\/ru\/wp-json\/wp\/v2\/product_cat?post=15538"},{"taxonomy":"product_tag","embeddable":true,"href":"https:\/\/ventspils.citro.lv\/ru\/wp-json\/wp\/v2\/product_tag?post=15538"}],"curies":[{"name":"wp","href":"https:\/\/api.w.org\/{rel}","templated":true}]}}