{"id":15286,"date":"2026-04-24T04:33:03","date_gmt":"2026-04-24T01:33:03","guid":{"rendered":"https:\/\/ventspils.citro.lv\/veikals\/pelmeni-majas-ar-cukgalu-500g\/"},"modified":"2026-04-24T04:33:14","modified_gmt":"2026-04-24T01:33:14","slug":"pelmeni-majas-ar-cukgalu-rgk-500g","status":"publish","type":"product","link":"https:\/\/ventspils.citro.lv\/ru\/veikals\/pelmeni-majas-ar-cukgalu-rgk-500g\/","title":{"rendered":"Pelme\u0146i M\u0101jas ar c\u016bkga\u013cu RGK 500g"},"content":{"rendered":"","protected":false},"excerpt":{"rendered":"<p>4.18 \u20ac\/kg<\/p>\n","protected":false},"featured_media":1251548,"template":"","meta":{"_acf_changed":false,"inline_featured_image":false},"product_cat":[539,231],"product_tag":[],"acf":[],"aioseo_notices":[],"_links":{"self":[{"href":"https:\/\/ventspils.citro.lv\/ru\/wp-json\/wp\/v2\/product\/15286"}],"collection":[{"href":"https:\/\/ventspils.citro.lv\/ru\/wp-json\/wp\/v2\/product"}],"about":[{"href":"https:\/\/ventspils.citro.lv\/ru\/wp-json\/wp\/v2\/types\/product"}],"wp:featuredmedia":[{"embeddable":true,"href":"https:\/\/ventspils.citro.lv\/ru\/wp-json\/wp\/v2\/media\/1251548"}],"wp:attachment":[{"href":"https:\/\/ventspils.citro.lv\/ru\/wp-json\/wp\/v2\/media?parent=15286"}],"wp:term":[{"taxonomy":"product_cat","embeddable":true,"href":"https:\/\/ventspils.citro.lv\/ru\/wp-json\/wp\/v2\/product_cat?post=15286"},{"taxonomy":"product_tag","embeddable":true,"href":"https:\/\/ventspils.citro.lv\/ru\/wp-json\/wp\/v2\/product_tag?post=15286"}],"curies":[{"name":"wp","href":"https:\/\/api.w.org\/{rel}","templated":true}]}}