{"id":151446,"date":"2026-03-17T06:54:27","date_gmt":"2026-03-17T04:54:27","guid":{"rendered":"https:\/\/ventspils.citro.lv\/veikals\/bariba-kakiem-sheba-tray-ar-tela-galu-pastete-85g\/"},"modified":"2026-03-17T06:54:31","modified_gmt":"2026-03-17T04:54:31","slug":"bariba-kakiem-sheba-tray-ar-tela-galu-pastete-85g","status":"publish","type":"product","link":"https:\/\/ventspils.citro.lv\/ru\/veikals\/bariba-kakiem-sheba-tray-ar-tela-galu-pastete-85g\/","title":{"rendered":"Bar\u012bba ka\u0137iem Sheba Tray ar te\u013ca ga\u013cu, past\u0113te 85g"},"content":{"rendered":"","protected":false},"excerpt":{"rendered":"<p>12.82 \u20ac\/kg<\/p>\n","protected":false},"featured_media":1227133,"template":"","meta":{"_acf_changed":false,"inline_featured_image":false},"product_cat":[153,175],"product_tag":[],"acf":[],"aioseo_notices":[],"_links":{"self":[{"href":"https:\/\/ventspils.citro.lv\/ru\/wp-json\/wp\/v2\/product\/151446"}],"collection":[{"href":"https:\/\/ventspils.citro.lv\/ru\/wp-json\/wp\/v2\/product"}],"about":[{"href":"https:\/\/ventspils.citro.lv\/ru\/wp-json\/wp\/v2\/types\/product"}],"wp:featuredmedia":[{"embeddable":true,"href":"https:\/\/ventspils.citro.lv\/ru\/wp-json\/wp\/v2\/media\/1227133"}],"wp:attachment":[{"href":"https:\/\/ventspils.citro.lv\/ru\/wp-json\/wp\/v2\/media?parent=151446"}],"wp:term":[{"taxonomy":"product_cat","embeddable":true,"href":"https:\/\/ventspils.citro.lv\/ru\/wp-json\/wp\/v2\/product_cat?post=151446"},{"taxonomy":"product_tag","embeddable":true,"href":"https:\/\/ventspils.citro.lv\/ru\/wp-json\/wp\/v2\/product_tag?post=151446"}],"curies":[{"name":"wp","href":"https:\/\/api.w.org\/{rel}","templated":true}]}}