{"id":14974,"date":"2026-04-23T04:27:13","date_gmt":"2026-04-23T01:27:13","guid":{"rendered":"https:\/\/ventspils.citro.lv\/veikals\/krabju-spiles-vici-panetas-250g\/"},"modified":"2026-04-23T04:27:18","modified_gmt":"2026-04-23T01:27:18","slug":"krabju-spiles-vici-panetas-250g","status":"publish","type":"product","link":"https:\/\/ventspils.citro.lv\/ru\/veikals\/krabju-spiles-vici-panetas-250g\/","title":{"rendered":"Krabju sp\u012bles Vi\u010di pan\u0113tas 250g"},"content":{"rendered":"","protected":false},"excerpt":{"rendered":"<p>14.76 \u20ac\/kg<\/p>\n","protected":false},"featured_media":1249302,"template":"","meta":{"_acf_changed":false,"inline_featured_image":false},"product_cat":[571,231],"product_tag":[],"acf":[],"aioseo_notices":[],"_links":{"self":[{"href":"https:\/\/ventspils.citro.lv\/ru\/wp-json\/wp\/v2\/product\/14974"}],"collection":[{"href":"https:\/\/ventspils.citro.lv\/ru\/wp-json\/wp\/v2\/product"}],"about":[{"href":"https:\/\/ventspils.citro.lv\/ru\/wp-json\/wp\/v2\/types\/product"}],"wp:featuredmedia":[{"embeddable":true,"href":"https:\/\/ventspils.citro.lv\/ru\/wp-json\/wp\/v2\/media\/1249302"}],"wp:attachment":[{"href":"https:\/\/ventspils.citro.lv\/ru\/wp-json\/wp\/v2\/media?parent=14974"}],"wp:term":[{"taxonomy":"product_cat","embeddable":true,"href":"https:\/\/ventspils.citro.lv\/ru\/wp-json\/wp\/v2\/product_cat?post=14974"},{"taxonomy":"product_tag","embeddable":true,"href":"https:\/\/ventspils.citro.lv\/ru\/wp-json\/wp\/v2\/product_tag?post=14974"}],"curies":[{"name":"wp","href":"https:\/\/api.w.org\/{rel}","templated":true}]}}