{"id":14937,"date":"2026-04-10T03:45:14","date_gmt":"2026-04-10T00:45:14","guid":{"rendered":"https:\/\/ventspils.citro.lv\/veikals\/pelmeni-majas-ar-kupinatu-galu-1kg\/"},"modified":"2026-04-21T10:09:28","modified_gmt":"2026-04-21T07:09:28","slug":"pelmeni-majas-ar-kupinatu-galu-1kg","status":"publish","type":"product","link":"https:\/\/ventspils.citro.lv\/ru\/veikals\/pelmeni-majas-ar-kupinatu-galu-1kg\/","title":{"rendered":"Pelme\u0146i M\u0101jas ar k\u016bpin\u0101tu ga\u013cu 1kg"},"content":{"rendered":"","protected":false},"excerpt":{"rendered":"<p>4.19 \u20ac\/kg<\/p>\n","protected":false},"featured_media":1242657,"template":"","meta":{"_acf_changed":false,"inline_featured_image":false},"product_cat":[539,231],"product_tag":[],"acf":[],"aioseo_notices":[],"_links":{"self":[{"href":"https:\/\/ventspils.citro.lv\/ru\/wp-json\/wp\/v2\/product\/14937"}],"collection":[{"href":"https:\/\/ventspils.citro.lv\/ru\/wp-json\/wp\/v2\/product"}],"about":[{"href":"https:\/\/ventspils.citro.lv\/ru\/wp-json\/wp\/v2\/types\/product"}],"wp:featuredmedia":[{"embeddable":true,"href":"https:\/\/ventspils.citro.lv\/ru\/wp-json\/wp\/v2\/media\/1242657"}],"wp:attachment":[{"href":"https:\/\/ventspils.citro.lv\/ru\/wp-json\/wp\/v2\/media?parent=14937"}],"wp:term":[{"taxonomy":"product_cat","embeddable":true,"href":"https:\/\/ventspils.citro.lv\/ru\/wp-json\/wp\/v2\/product_cat?post=14937"},{"taxonomy":"product_tag","embeddable":true,"href":"https:\/\/ventspils.citro.lv\/ru\/wp-json\/wp\/v2\/product_tag?post=14937"}],"curies":[{"name":"wp","href":"https:\/\/api.w.org\/{rel}","templated":true}]}}