{"id":146003,"date":"2026-04-28T03:39:51","date_gmt":"2026-04-28T00:39:51","guid":{"rendered":"https:\/\/ventspils.citro.lv\/veikals\/biezputra-kubus-baby-risu-ar-abolu-un-aprikozu-no-6-men-100g\/"},"modified":"2026-04-28T03:40:02","modified_gmt":"2026-04-28T00:40:02","slug":"biezputra-kubus-baby-risu-ar-abolu-un-aprikozu-no-6-men-100g","status":"publish","type":"product","link":"https:\/\/ventspils.citro.lv\/ru\/veikals\/biezputra-kubus-baby-risu-ar-abolu-un-aprikozu-no-6-men-100g\/","title":{"rendered":"Biezputra Kubu\u0161 Baby r\u012bsu ar \u0101bolu un apriko\u017eu no 6 m\u0113n.100g"},"content":{"rendered":"","protected":false},"excerpt":{"rendered":"<p>10.50 \u20ac\/kg<\/p>\n","protected":false},"featured_media":1254386,"template":"","meta":{"_acf_changed":false,"inline_featured_image":false},"product_cat":[172,173],"product_tag":[],"acf":[],"aioseo_notices":[],"_links":{"self":[{"href":"https:\/\/ventspils.citro.lv\/ru\/wp-json\/wp\/v2\/product\/146003"}],"collection":[{"href":"https:\/\/ventspils.citro.lv\/ru\/wp-json\/wp\/v2\/product"}],"about":[{"href":"https:\/\/ventspils.citro.lv\/ru\/wp-json\/wp\/v2\/types\/product"}],"wp:featuredmedia":[{"embeddable":true,"href":"https:\/\/ventspils.citro.lv\/ru\/wp-json\/wp\/v2\/media\/1254386"}],"wp:attachment":[{"href":"https:\/\/ventspils.citro.lv\/ru\/wp-json\/wp\/v2\/media?parent=146003"}],"wp:term":[{"taxonomy":"product_cat","embeddable":true,"href":"https:\/\/ventspils.citro.lv\/ru\/wp-json\/wp\/v2\/product_cat?post=146003"},{"taxonomy":"product_tag","embeddable":true,"href":"https:\/\/ventspils.citro.lv\/ru\/wp-json\/wp\/v2\/product_tag?post=146003"}],"curies":[{"name":"wp","href":"https:\/\/api.w.org\/{rel}","templated":true}]}}