{"id":142919,"date":"2026-05-10T00:48:33","date_gmt":"2026-05-09T21:48:33","guid":{"rendered":"https:\/\/ventspils.citro.lv\/veikals\/grozini-saldie-12gb-2\/"},"modified":"2026-05-10T00:48:46","modified_gmt":"2026-05-09T21:48:46","slug":"grozini-saldie-12gb","status":"publish","type":"product","link":"https:\/\/ventspils.citro.lv\/ru\/veikals\/grozini-saldie-12gb\/","title":{"rendered":"Grozi\u0146i saldie 12gb"},"content":{"rendered":"<p>Sast\u0101vda\u013cas: KVIE\u0160U milti, margar\u012bns (augu tauki (palmu, kokosa), rap\u0161u e\u013c\u013ca, emulgators: E471, sk\u0101buma regul\u0113t\u0101js: E330, dab\u012bgs aromatiz\u0113t\u0101js, p\u0101rtikas kr\u0101sviela:  E160a), cukurs, OLAS, cepamais pulveris (irdin\u0101t\u0101ji: din\u0101trija difosf\u0101ts E450i, n\u0101trija karbon\u0101ts E500), p\u0101rtikas s\u0101ls. 100g produkta satur: Ener\u0123\u0113tisk\u0101 v\u0113rt\u012bba 1823KJ\/435Kcal, tauki 22g, tostarp pies\u0101tin\u0101t\u0101s tauksk\u0101bes 10,2g, og\u013chidr\u0101ti 51,6g, tostarp cukuri 14g, \u0161\u0137iedrvielas 2,1g, olbaltumvielas 6,7g, s\u0101ls 0,1g. Uzglab.temp.: istabas temperat\u016br\u0101. Izlietot l\u012bdz: nor\u0101d\u012bts uz iepakojuma. Ra\u017eot\u0101js: SIA Di\u0101na Bistro, Andreja iela 5, Ventspils.<\/p>\n","protected":false},"excerpt":{"rendered":"<p>0.12 \u20ac\/gb<\/p>\n","protected":false},"featured_media":1258240,"template":"","meta":{"_acf_changed":false,"inline_featured_image":false},"product_cat":[109,110],"product_tag":[],"acf":[],"aioseo_notices":[],"_links":{"self":[{"href":"https:\/\/ventspils.citro.lv\/ru\/wp-json\/wp\/v2\/product\/142919"}],"collection":[{"href":"https:\/\/ventspils.citro.lv\/ru\/wp-json\/wp\/v2\/product"}],"about":[{"href":"https:\/\/ventspils.citro.lv\/ru\/wp-json\/wp\/v2\/types\/product"}],"wp:featuredmedia":[{"embeddable":true,"href":"https:\/\/ventspils.citro.lv\/ru\/wp-json\/wp\/v2\/media\/1258240"}],"wp:attachment":[{"href":"https:\/\/ventspils.citro.lv\/ru\/wp-json\/wp\/v2\/media?parent=142919"}],"wp:term":[{"taxonomy":"product_cat","embeddable":true,"href":"https:\/\/ventspils.citro.lv\/ru\/wp-json\/wp\/v2\/product_cat?post=142919"},{"taxonomy":"product_tag","embeddable":true,"href":"https:\/\/ventspils.citro.lv\/ru\/wp-json\/wp\/v2\/product_tag?post=142919"}],"curies":[{"name":"wp","href":"https:\/\/api.w.org\/{rel}","templated":true}]}}