{"id":14193,"date":"2026-04-10T06:48:37","date_gmt":"2026-04-10T03:48:37","guid":{"rendered":"https:\/\/eveikals.citro.lv\/ventspils\/veikals\/kraukskiga-uzkoda-ar-skaba-krejuma-garsu-estrella-pom-bear-6\/"},"modified":"2026-04-10T06:48:42","modified_gmt":"2026-04-10T03:48:42","slug":"kraukskiga-uzkoda-ar-skaba-krejuma-garsu-estrella-pom-bear-6","status":"publish","type":"product","link":"https:\/\/ventspils.citro.lv\/ru\/veikals\/kraukskiga-uzkoda-ar-skaba-krejuma-garsu-estrella-pom-bear-6\/","title":{"rendered":"Krauk\u0161\u0137\u012bga uzkoda ar sk\u0101b\u0101 kr\u0113juma gar\u0161u Estrella Pom Bear 6"},"content":{"rendered":"","protected":false},"excerpt":{"rendered":"<p>25.38 \u20ac\/kg<\/p>\n","protected":false},"featured_media":1243489,"template":"","meta":{"_acf_changed":false,"inline_featured_image":false},"product_cat":[125,191],"product_tag":[],"acf":[],"aioseo_notices":[],"_links":{"self":[{"href":"https:\/\/ventspils.citro.lv\/ru\/wp-json\/wp\/v2\/product\/14193"}],"collection":[{"href":"https:\/\/ventspils.citro.lv\/ru\/wp-json\/wp\/v2\/product"}],"about":[{"href":"https:\/\/ventspils.citro.lv\/ru\/wp-json\/wp\/v2\/types\/product"}],"wp:featuredmedia":[{"embeddable":true,"href":"https:\/\/ventspils.citro.lv\/ru\/wp-json\/wp\/v2\/media\/1243489"}],"wp:attachment":[{"href":"https:\/\/ventspils.citro.lv\/ru\/wp-json\/wp\/v2\/media?parent=14193"}],"wp:term":[{"taxonomy":"product_cat","embeddable":true,"href":"https:\/\/ventspils.citro.lv\/ru\/wp-json\/wp\/v2\/product_cat?post=14193"},{"taxonomy":"product_tag","embeddable":true,"href":"https:\/\/ventspils.citro.lv\/ru\/wp-json\/wp\/v2\/product_tag?post=14193"}],"curies":[{"name":"wp","href":"https:\/\/api.w.org\/{rel}","templated":true}]}}