{"id":14185,"date":"2026-04-16T02:42:15","date_gmt":"2026-04-15T23:42:15","guid":{"rendered":"https:\/\/eveikals.citro.lv\/ventspils\/veikals\/doktordesa-cala-galas-kekava-350g\/"},"modified":"2026-04-16T02:42:26","modified_gmt":"2026-04-15T23:42:26","slug":"desa-doktora-cala-galas-kekava-350g","status":"publish","type":"product","link":"https:\/\/ventspils.citro.lv\/ru\/veikals\/desa-doktora-cala-galas-kekava-350g\/","title":{"rendered":"Desa Doktora c\u0101\u013ca ga\u013cas \u0136ekava 350g"},"content":{"rendered":"","protected":false},"excerpt":{"rendered":"<p>5.00 \u20ac\/kg<\/p>\n","protected":false},"featured_media":1246429,"template":"","meta":{"_acf_changed":false,"inline_featured_image":false},"product_cat":[135,144],"product_tag":[],"acf":[],"aioseo_notices":[],"_links":{"self":[{"href":"https:\/\/ventspils.citro.lv\/ru\/wp-json\/wp\/v2\/product\/14185"}],"collection":[{"href":"https:\/\/ventspils.citro.lv\/ru\/wp-json\/wp\/v2\/product"}],"about":[{"href":"https:\/\/ventspils.citro.lv\/ru\/wp-json\/wp\/v2\/types\/product"}],"wp:featuredmedia":[{"embeddable":true,"href":"https:\/\/ventspils.citro.lv\/ru\/wp-json\/wp\/v2\/media\/1246429"}],"wp:attachment":[{"href":"https:\/\/ventspils.citro.lv\/ru\/wp-json\/wp\/v2\/media?parent=14185"}],"wp:term":[{"taxonomy":"product_cat","embeddable":true,"href":"https:\/\/ventspils.citro.lv\/ru\/wp-json\/wp\/v2\/product_cat?post=14185"},{"taxonomy":"product_tag","embeddable":true,"href":"https:\/\/ventspils.citro.lv\/ru\/wp-json\/wp\/v2\/product_tag?post=14185"}],"curies":[{"name":"wp","href":"https:\/\/api.w.org\/{rel}","templated":true}]}}