{"id":14155,"date":"2026-05-15T01:27:41","date_gmt":"2026-05-14T22:27:41","guid":{"rendered":"https:\/\/eveikals.citro.lv\/ventspils\/veikals\/vafeles-kakao-ar-krema-pild-selga-rullisi-160g\/"},"modified":"2026-05-15T01:27:53","modified_gmt":"2026-05-14T22:27:53","slug":"vafeles-kakao-ar-krema-pild-selga-rullisi-160g","status":"publish","type":"product","link":"https:\/\/ventspils.citro.lv\/ru\/veikals\/vafeles-kakao-ar-krema-pild-selga-rullisi-160g\/","title":{"rendered":"Vafeles kakao ar kr\u0113ma pild. Selga rull\u012b\u0161i 160g"},"content":{"rendered":"","protected":false},"excerpt":{"rendered":"<p>16.19 \u20ac\/kg<\/p>\n","protected":false},"featured_media":1260926,"template":"","meta":{"_acf_changed":false,"inline_featured_image":false},"product_cat":[125,209],"product_tag":[],"acf":[],"aioseo_notices":[],"_links":{"self":[{"href":"https:\/\/ventspils.citro.lv\/ru\/wp-json\/wp\/v2\/product\/14155"}],"collection":[{"href":"https:\/\/ventspils.citro.lv\/ru\/wp-json\/wp\/v2\/product"}],"about":[{"href":"https:\/\/ventspils.citro.lv\/ru\/wp-json\/wp\/v2\/types\/product"}],"wp:featuredmedia":[{"embeddable":true,"href":"https:\/\/ventspils.citro.lv\/ru\/wp-json\/wp\/v2\/media\/1260926"}],"wp:attachment":[{"href":"https:\/\/ventspils.citro.lv\/ru\/wp-json\/wp\/v2\/media?parent=14155"}],"wp:term":[{"taxonomy":"product_cat","embeddable":true,"href":"https:\/\/ventspils.citro.lv\/ru\/wp-json\/wp\/v2\/product_cat?post=14155"},{"taxonomy":"product_tag","embeddable":true,"href":"https:\/\/ventspils.citro.lv\/ru\/wp-json\/wp\/v2\/product_tag?post=14155"}],"curies":[{"name":"wp","href":"https:\/\/api.w.org\/{rel}","templated":true}]}}