{"id":14152,"date":"2026-04-02T02:06:51","date_gmt":"2026-04-01T23:06:51","guid":{"rendered":"https:\/\/eveikals.citro.lv\/ventspils\/veikals\/cipsi-kukuruzas-ar-nacho-siera-garsu-doritos-100g\/"},"modified":"2026-04-02T02:07:08","modified_gmt":"2026-04-01T23:07:08","slug":"cipsi-kukuruzas-ar-nacho-siera-garsu-doritos-100g","status":"publish","type":"product","link":"https:\/\/ventspils.citro.lv\/ru\/veikals\/cipsi-kukuruzas-ar-nacho-siera-garsu-doritos-100g\/","title":{"rendered":"\u010cipsi kukur\u016bzas ar nacho siera gar\u0161u Doritos 100g"},"content":{"rendered":"","protected":false},"excerpt":{"rendered":"<p>21.50 \u20ac\/kg<\/p>\n","protected":false},"featured_media":1239125,"template":"","meta":{"_acf_changed":false,"inline_featured_image":false},"product_cat":[125,191],"product_tag":[],"acf":[],"aioseo_notices":[],"_links":{"self":[{"href":"https:\/\/ventspils.citro.lv\/ru\/wp-json\/wp\/v2\/product\/14152"}],"collection":[{"href":"https:\/\/ventspils.citro.lv\/ru\/wp-json\/wp\/v2\/product"}],"about":[{"href":"https:\/\/ventspils.citro.lv\/ru\/wp-json\/wp\/v2\/types\/product"}],"wp:featuredmedia":[{"embeddable":true,"href":"https:\/\/ventspils.citro.lv\/ru\/wp-json\/wp\/v2\/media\/1239125"}],"wp:attachment":[{"href":"https:\/\/ventspils.citro.lv\/ru\/wp-json\/wp\/v2\/media?parent=14152"}],"wp:term":[{"taxonomy":"product_cat","embeddable":true,"href":"https:\/\/ventspils.citro.lv\/ru\/wp-json\/wp\/v2\/product_cat?post=14152"},{"taxonomy":"product_tag","embeddable":true,"href":"https:\/\/ventspils.citro.lv\/ru\/wp-json\/wp\/v2\/product_tag?post=14152"}],"curies":[{"name":"wp","href":"https:\/\/api.w.org\/{rel}","templated":true}]}}