{"id":14134,"date":"2026-03-13T04:00:02","date_gmt":"2026-03-13T02:00:02","guid":{"rendered":"https:\/\/eveikals.citro.lv\/ventspils\/veikals\/olivella-extra-virgin-santolino-0-5l\/"},"modified":"2026-03-13T04:00:07","modified_gmt":"2026-03-13T02:00:07","slug":"olivella-extra-virgin-santolino-0-5l","status":"publish","type":"product","link":"https:\/\/ventspils.citro.lv\/ru\/veikals\/olivella-extra-virgin-santolino-0-5l\/","title":{"rendered":"Ol\u012bve\u013c\u013ca Extra Virgin Santolino 0.5l"},"content":{"rendered":"","protected":false},"excerpt":{"rendered":"<p>17.98 \u20ac\/l<\/p>\n","protected":false},"featured_media":1225122,"template":"","meta":{"_acf_changed":false,"inline_featured_image":false},"product_cat":[116,164],"product_tag":[],"acf":[],"aioseo_notices":[],"_links":{"self":[{"href":"https:\/\/ventspils.citro.lv\/ru\/wp-json\/wp\/v2\/product\/14134"}],"collection":[{"href":"https:\/\/ventspils.citro.lv\/ru\/wp-json\/wp\/v2\/product"}],"about":[{"href":"https:\/\/ventspils.citro.lv\/ru\/wp-json\/wp\/v2\/types\/product"}],"wp:featuredmedia":[{"embeddable":true,"href":"https:\/\/ventspils.citro.lv\/ru\/wp-json\/wp\/v2\/media\/1225122"}],"wp:attachment":[{"href":"https:\/\/ventspils.citro.lv\/ru\/wp-json\/wp\/v2\/media?parent=14134"}],"wp:term":[{"taxonomy":"product_cat","embeddable":true,"href":"https:\/\/ventspils.citro.lv\/ru\/wp-json\/wp\/v2\/product_cat?post=14134"},{"taxonomy":"product_tag","embeddable":true,"href":"https:\/\/ventspils.citro.lv\/ru\/wp-json\/wp\/v2\/product_tag?post=14134"}],"curies":[{"name":"wp","href":"https:\/\/api.w.org\/{rel}","templated":true}]}}