{"id":14114,"date":"2026-05-08T02:30:26","date_gmt":"2026-05-07T23:30:26","guid":{"rendered":"https:\/\/eveikals.citro.lv\/ventspils\/veikals\/pistacijas-grauzdetas-salitas-100g\/"},"modified":"2026-05-08T02:30:37","modified_gmt":"2026-05-07T23:30:37","slug":"pistacijas-grauzdetas-salitas-alis-co-100g","status":"publish","type":"product","link":"https:\/\/ventspils.citro.lv\/ru\/veikals\/pistacijas-grauzdetas-salitas-alis-co-100g\/","title":{"rendered":"Pist\u0101cijas grauzd\u0113tas s\u0101l\u012btas Alis Co 100g"},"content":{"rendered":"","protected":false},"excerpt":{"rendered":"<p>20.90 \u20ac\/kg<\/p>\n","protected":false},"featured_media":1257485,"template":"","meta":{"_acf_changed":false,"inline_featured_image":false},"product_cat":[125,202],"product_tag":[],"acf":[],"aioseo_notices":[],"_links":{"self":[{"href":"https:\/\/ventspils.citro.lv\/ru\/wp-json\/wp\/v2\/product\/14114"}],"collection":[{"href":"https:\/\/ventspils.citro.lv\/ru\/wp-json\/wp\/v2\/product"}],"about":[{"href":"https:\/\/ventspils.citro.lv\/ru\/wp-json\/wp\/v2\/types\/product"}],"wp:featuredmedia":[{"embeddable":true,"href":"https:\/\/ventspils.citro.lv\/ru\/wp-json\/wp\/v2\/media\/1257485"}],"wp:attachment":[{"href":"https:\/\/ventspils.citro.lv\/ru\/wp-json\/wp\/v2\/media?parent=14114"}],"wp:term":[{"taxonomy":"product_cat","embeddable":true,"href":"https:\/\/ventspils.citro.lv\/ru\/wp-json\/wp\/v2\/product_cat?post=14114"},{"taxonomy":"product_tag","embeddable":true,"href":"https:\/\/ventspils.citro.lv\/ru\/wp-json\/wp\/v2\/product_tag?post=14114"}],"curies":[{"name":"wp","href":"https:\/\/api.w.org\/{rel}","templated":true}]}}