{"id":14113,"date":"2026-05-12T04:42:42","date_gmt":"2026-05-12T01:42:42","guid":{"rendered":"https:\/\/eveikals.citro.lv\/ventspils\/veikals\/maizes-cipsi-bon-chance-ar-krejuma-garsu-un-lok-120g\/"},"modified":"2026-05-12T04:42:53","modified_gmt":"2026-05-12T01:42:53","slug":"maizes-cipsi-bon-chance-ar-krejuma-garsu-un-lok-120g","status":"publish","type":"product","link":"https:\/\/ventspils.citro.lv\/ru\/veikals\/maizes-cipsi-bon-chance-ar-krejuma-garsu-un-lok-120g\/","title":{"rendered":"Maizes \u010dipsi Bon Chance ar kr\u0113juma gar\u0161u un lok. 120g"},"content":{"rendered":"","protected":false},"excerpt":{"rendered":"<p>19.08 \u20ac\/kg<\/p>\n","protected":false},"featured_media":1258903,"template":"","meta":{"_acf_changed":false,"inline_featured_image":false},"product_cat":[535,215],"product_tag":[],"acf":[],"aioseo_notices":[],"_links":{"self":[{"href":"https:\/\/ventspils.citro.lv\/ru\/wp-json\/wp\/v2\/product\/14113"}],"collection":[{"href":"https:\/\/ventspils.citro.lv\/ru\/wp-json\/wp\/v2\/product"}],"about":[{"href":"https:\/\/ventspils.citro.lv\/ru\/wp-json\/wp\/v2\/types\/product"}],"wp:featuredmedia":[{"embeddable":true,"href":"https:\/\/ventspils.citro.lv\/ru\/wp-json\/wp\/v2\/media\/1258903"}],"wp:attachment":[{"href":"https:\/\/ventspils.citro.lv\/ru\/wp-json\/wp\/v2\/media?parent=14113"}],"wp:term":[{"taxonomy":"product_cat","embeddable":true,"href":"https:\/\/ventspils.citro.lv\/ru\/wp-json\/wp\/v2\/product_cat?post=14113"},{"taxonomy":"product_tag","embeddable":true,"href":"https:\/\/ventspils.citro.lv\/ru\/wp-json\/wp\/v2\/product_tag?post=14113"}],"curies":[{"name":"wp","href":"https:\/\/api.w.org\/{rel}","templated":true}]}}