{"id":14096,"date":"2026-03-17T03:39:34","date_gmt":"2026-03-17T01:39:34","guid":{"rendered":"https:\/\/eveikals.citro.lv\/ventspils\/veikals\/merce-tomatu-kiploku-spilva-530ml\/"},"modified":"2026-03-17T03:39:46","modified_gmt":"2026-03-17T01:39:46","slug":"merce-tomatu-kiploku-spilva-530ml","status":"publish","type":"product","link":"https:\/\/ventspils.citro.lv\/ru\/veikals\/merce-tomatu-kiploku-spilva-530ml\/","title":{"rendered":"M\u0113rce tom\u0101tu \u0137iploku Spilva 530ml"},"content":{"rendered":"","protected":false},"excerpt":{"rendered":"<p>4.70 \u20ac\/l<\/p>\n","protected":false},"featured_media":1226327,"template":"","meta":{"_acf_changed":false,"inline_featured_image":false},"product_cat":[116,148],"product_tag":[],"acf":[],"aioseo_notices":[],"_links":{"self":[{"href":"https:\/\/ventspils.citro.lv\/ru\/wp-json\/wp\/v2\/product\/14096"}],"collection":[{"href":"https:\/\/ventspils.citro.lv\/ru\/wp-json\/wp\/v2\/product"}],"about":[{"href":"https:\/\/ventspils.citro.lv\/ru\/wp-json\/wp\/v2\/types\/product"}],"wp:featuredmedia":[{"embeddable":true,"href":"https:\/\/ventspils.citro.lv\/ru\/wp-json\/wp\/v2\/media\/1226327"}],"wp:attachment":[{"href":"https:\/\/ventspils.citro.lv\/ru\/wp-json\/wp\/v2\/media?parent=14096"}],"wp:term":[{"taxonomy":"product_cat","embeddable":true,"href":"https:\/\/ventspils.citro.lv\/ru\/wp-json\/wp\/v2\/product_cat?post=14096"},{"taxonomy":"product_tag","embeddable":true,"href":"https:\/\/ventspils.citro.lv\/ru\/wp-json\/wp\/v2\/product_tag?post=14096"}],"curies":[{"name":"wp","href":"https:\/\/api.w.org\/{rel}","templated":true}]}}