{"id":13991,"date":"2026-04-29T01:00:23","date_gmt":"2026-04-28T22:00:23","guid":{"rendered":"https:\/\/eveikals.citro.lv\/ventspils\/veikals\/dzervenes-sava-sula-ar-cukuru-nekarsetas-300g\/"},"modified":"2026-04-29T01:00:35","modified_gmt":"2026-04-28T22:00:35","slug":"dzervenes-sava-sula-ar-cukuru-nekarsetas-300g","status":"publish","type":"product","link":"https:\/\/ventspils.citro.lv\/ru\/veikals\/dzervenes-sava-sula-ar-cukuru-nekarsetas-300g\/","title":{"rendered":"Dz\u0113rvenes sav\u0101 sul\u0101 ar cukuru nekars\u0113tas 300g"},"content":{"rendered":"","protected":false},"excerpt":{"rendered":"<p>11.97 \u20ac\/kg<\/p>\n","protected":false},"featured_media":1254714,"template":"","meta":{"_acf_changed":false,"inline_featured_image":false},"product_cat":[97,159],"product_tag":[],"acf":[],"aioseo_notices":[],"_links":{"self":[{"href":"https:\/\/ventspils.citro.lv\/ru\/wp-json\/wp\/v2\/product\/13991"}],"collection":[{"href":"https:\/\/ventspils.citro.lv\/ru\/wp-json\/wp\/v2\/product"}],"about":[{"href":"https:\/\/ventspils.citro.lv\/ru\/wp-json\/wp\/v2\/types\/product"}],"wp:featuredmedia":[{"embeddable":true,"href":"https:\/\/ventspils.citro.lv\/ru\/wp-json\/wp\/v2\/media\/1254714"}],"wp:attachment":[{"href":"https:\/\/ventspils.citro.lv\/ru\/wp-json\/wp\/v2\/media?parent=13991"}],"wp:term":[{"taxonomy":"product_cat","embeddable":true,"href":"https:\/\/ventspils.citro.lv\/ru\/wp-json\/wp\/v2\/product_cat?post=13991"},{"taxonomy":"product_tag","embeddable":true,"href":"https:\/\/ventspils.citro.lv\/ru\/wp-json\/wp\/v2\/product_tag?post=13991"}],"curies":[{"name":"wp","href":"https:\/\/api.w.org\/{rel}","templated":true}]}}