{"id":138686,"date":"2026-04-10T07:18:13","date_gmt":"2026-04-10T04:18:13","guid":{"rendered":"https:\/\/ventspils.citro.lv\/veikals\/siers-kupinats-skelites-jaunpils-150g\/"},"modified":"2026-04-10T07:18:23","modified_gmt":"2026-04-10T04:18:23","slug":"siers-kupinats-skelites-jaunpils-150g","status":"publish","type":"product","link":"https:\/\/ventspils.citro.lv\/ru\/veikals\/siers-kupinats-skelites-jaunpils-150g\/","title":{"rendered":"Siers k\u016bpin\u0101ts \u0161\u0137\u0113l\u012bt\u0113s Jaunpils 150g"},"content":{"rendered":"","protected":false},"excerpt":{"rendered":"<p>15.00 \u20ac\/kg<\/p>\n","protected":false},"featured_media":1243610,"template":"","meta":{"_acf_changed":false,"inline_featured_image":false},"product_cat":[95,224],"product_tag":[],"acf":[],"aioseo_notices":[],"_links":{"self":[{"href":"https:\/\/ventspils.citro.lv\/ru\/wp-json\/wp\/v2\/product\/138686"}],"collection":[{"href":"https:\/\/ventspils.citro.lv\/ru\/wp-json\/wp\/v2\/product"}],"about":[{"href":"https:\/\/ventspils.citro.lv\/ru\/wp-json\/wp\/v2\/types\/product"}],"wp:featuredmedia":[{"embeddable":true,"href":"https:\/\/ventspils.citro.lv\/ru\/wp-json\/wp\/v2\/media\/1243610"}],"wp:attachment":[{"href":"https:\/\/ventspils.citro.lv\/ru\/wp-json\/wp\/v2\/media?parent=138686"}],"wp:term":[{"taxonomy":"product_cat","embeddable":true,"href":"https:\/\/ventspils.citro.lv\/ru\/wp-json\/wp\/v2\/product_cat?post=138686"},{"taxonomy":"product_tag","embeddable":true,"href":"https:\/\/ventspils.citro.lv\/ru\/wp-json\/wp\/v2\/product_tag?post=138686"}],"curies":[{"name":"wp","href":"https:\/\/api.w.org\/{rel}","templated":true}]}}