{"id":137891,"date":"2026-03-17T06:51:57","date_gmt":"2026-03-17T04:51:57","guid":{"rendered":"https:\/\/ventspils.citro.lv\/veikals\/biskvita-sokolades-rulete-ar-kirsiem-citro-sv\/"},"modified":"2026-03-17T06:52:07","modified_gmt":"2026-03-17T04:52:07","slug":"biskvita-sokolades-rulete-ar-kirsiem-citro-sv","status":"publish","type":"product","link":"https:\/\/ventspils.citro.lv\/ru\/veikals\/biskvita-sokolades-rulete-ar-kirsiem-citro-sv\/","title":{"rendered":"Biskv\u012bta \u0161okol\u0101des rulete ar \u0137ir\u0161iem Citro sv."},"content":{"rendered":"<p>Sast\u0101vda\u013c\u0101s:Biskv\u012bts br\u016bnais(OLAS,cukurs,KVIE\u0160U milti,kakao),\u0137ir\u0161u pild\u012bjums 50%,putkr\u0113jums uz augu tauku b\u0101zes,v\u0101r\u012bts iebiezin\u0101ta piena pild\u012bjums,\u0161okol\u0101des m\u012bkst\u0101 glaz\u016bra,\u0161okol\u0101des m\u012bkst\u0101 glaz\u016bra -balta.<\/p>\n","protected":false},"excerpt":{"rendered":"<p>7.99 \u20ac\/kg<\/p>\n","protected":false},"featured_media":1227126,"template":"","meta":{"_acf_changed":false,"inline_featured_image":false},"product_cat":[109,220],"product_tag":[],"acf":[],"aioseo_notices":[],"_links":{"self":[{"href":"https:\/\/ventspils.citro.lv\/ru\/wp-json\/wp\/v2\/product\/137891"}],"collection":[{"href":"https:\/\/ventspils.citro.lv\/ru\/wp-json\/wp\/v2\/product"}],"about":[{"href":"https:\/\/ventspils.citro.lv\/ru\/wp-json\/wp\/v2\/types\/product"}],"wp:featuredmedia":[{"embeddable":true,"href":"https:\/\/ventspils.citro.lv\/ru\/wp-json\/wp\/v2\/media\/1227126"}],"wp:attachment":[{"href":"https:\/\/ventspils.citro.lv\/ru\/wp-json\/wp\/v2\/media?parent=137891"}],"wp:term":[{"taxonomy":"product_cat","embeddable":true,"href":"https:\/\/ventspils.citro.lv\/ru\/wp-json\/wp\/v2\/product_cat?post=137891"},{"taxonomy":"product_tag","embeddable":true,"href":"https:\/\/ventspils.citro.lv\/ru\/wp-json\/wp\/v2\/product_tag?post=137891"}],"curies":[{"name":"wp","href":"https:\/\/api.w.org\/{rel}","templated":true}]}}