{"id":137889,"date":"2026-02-13T07:18:59","date_gmt":"2026-02-13T05:18:59","guid":{"rendered":"https:\/\/ventspils.citro.lv\/veikals\/biskvita-rulete-ar-biezpienu-citro-sv\/"},"modified":"2026-02-13T07:19:09","modified_gmt":"2026-02-13T05:19:09","slug":"biskvita-rulete-ar-biezpienu-citro-sv","status":"publish","type":"product","link":"https:\/\/ventspils.citro.lv\/ru\/veikals\/biskvita-rulete-ar-biezpienu-citro-sv\/","title":{"rendered":"Biskv\u012bta rulete ar biezpienu Citro sv."},"content":{"rendered":"<p>Sast\u0101vs:Biskv\u012bts(OLAS,cukurs,KVIE\u0160U milti),biezpiens v\u0101jpiena 0,5%,\u0137ir\u0161i \u017eelej\u0101 50%,putkr\u0113jums uz augu tauku b\u0101zes(\u016bdens, piln\u012bgi hidrogen\u0113ta palmu kodolu e\u013c\u013ca 25%, cukurs 12%, PIENA olbaltumvielas, emulgatori: E472b, E322 [SOJA], E472e; stabiliz\u0113t\u0101ji: E460, E466, E340; aromatiz\u0113t\u0101js, kr\u0101sviela: E160a ),margar\u012bns(augu tauki (palmu) un e\u013c\u013cas (rap\u0161u, kokosriekstu), \u016bdens, emulgatori: E471, E322 [rap\u0161u], s\u0101ls, konservants: E200; aromatiz\u0113t\u0101ji, kr\u0101sviela: E160a),biezpiena stabilizators,v\u0101r\u012bta iebiezin\u0101ta piena pild\u012bjums(cukurs, V\u0100JPIENA pulveris, \u016bdens, palmu e\u013c\u013ca (RSPO MB), biezin\u0101t\u0101js (kukur\u016bzas ciete), stabiliz\u0113t\u0101ji (E401, E509), citrusaug\u013cu . Izgatavots SIA Di\u0101na Bistro. Latvija<\/p>\n","protected":false},"excerpt":{"rendered":"<p>7.59 \u20ac\/kg<\/p>\n","protected":false},"featured_media":1208778,"template":"","meta":{"_acf_changed":false,"inline_featured_image":false},"product_cat":[109,220],"product_tag":[],"acf":[],"aioseo_notices":[],"_links":{"self":[{"href":"https:\/\/ventspils.citro.lv\/ru\/wp-json\/wp\/v2\/product\/137889"}],"collection":[{"href":"https:\/\/ventspils.citro.lv\/ru\/wp-json\/wp\/v2\/product"}],"about":[{"href":"https:\/\/ventspils.citro.lv\/ru\/wp-json\/wp\/v2\/types\/product"}],"wp:featuredmedia":[{"embeddable":true,"href":"https:\/\/ventspils.citro.lv\/ru\/wp-json\/wp\/v2\/media\/1208778"}],"wp:attachment":[{"href":"https:\/\/ventspils.citro.lv\/ru\/wp-json\/wp\/v2\/media?parent=137889"}],"wp:term":[{"taxonomy":"product_cat","embeddable":true,"href":"https:\/\/ventspils.citro.lv\/ru\/wp-json\/wp\/v2\/product_cat?post=137889"},{"taxonomy":"product_tag","embeddable":true,"href":"https:\/\/ventspils.citro.lv\/ru\/wp-json\/wp\/v2\/product_tag?post=137889"}],"curies":[{"name":"wp","href":"https:\/\/api.w.org\/{rel}","templated":true}]}}