{"id":136481,"date":"2026-02-24T02:15:02","date_gmt":"2026-02-24T00:15:02","guid":{"rendered":"https:\/\/ventspils.citro.lv\/veikals\/zupa-skabenu-citro-500g\/"},"modified":"2026-04-27T12:43:59","modified_gmt":"2026-04-27T09:43:59","slug":"zupa-skabenu-citro-500g","status":"publish","type":"product","link":"https:\/\/ventspils.citro.lv\/ru\/veikals\/zupa-skabenu-citro-500g\/","title":{"rendered":"Zupa Sk\u0101be\u0146u Citro 500g"},"content":{"rendered":"<p>Sast\u0101vs:Konserv\u0113tas sk\u0101benes, kartupe\u013ci, \u016bdens, burk\u0101ni, s\u012bpoli, k\u016bpin\u0101ta ga\u013ca, v\u0101r\u012btas olas, p\u0101rtikas s\u0101ls, univers\u0101l\u0101 gar\u0161viela.   Uzglab\u0101t t virs +2- +6. Ra\u017eot\u0101js Sia Di\u0101na Bistro.<\/p>\n","protected":false},"excerpt":{"rendered":"<p>3.78 \u20ac\/gb<\/p>\n","protected":false},"featured_media":1213419,"template":"","meta":{"_acf_changed":false,"inline_featured_image":false},"product_cat":[113,222],"product_tag":[],"acf":[],"aioseo_notices":[],"_links":{"self":[{"href":"https:\/\/ventspils.citro.lv\/ru\/wp-json\/wp\/v2\/product\/136481"}],"collection":[{"href":"https:\/\/ventspils.citro.lv\/ru\/wp-json\/wp\/v2\/product"}],"about":[{"href":"https:\/\/ventspils.citro.lv\/ru\/wp-json\/wp\/v2\/types\/product"}],"wp:featuredmedia":[{"embeddable":true,"href":"https:\/\/ventspils.citro.lv\/ru\/wp-json\/wp\/v2\/media\/1213419"}],"wp:attachment":[{"href":"https:\/\/ventspils.citro.lv\/ru\/wp-json\/wp\/v2\/media?parent=136481"}],"wp:term":[{"taxonomy":"product_cat","embeddable":true,"href":"https:\/\/ventspils.citro.lv\/ru\/wp-json\/wp\/v2\/product_cat?post=136481"},{"taxonomy":"product_tag","embeddable":true,"href":"https:\/\/ventspils.citro.lv\/ru\/wp-json\/wp\/v2\/product_tag?post=136481"}],"curies":[{"name":"wp","href":"https:\/\/api.w.org\/{rel}","templated":true}]}}