{"id":133035,"date":"2026-04-23T08:33:13","date_gmt":"2026-04-23T05:33:13","guid":{"rendered":"https:\/\/ventspils.citro.lv\/veikals\/deserts-zemenu-krems-ar-sald-m-citro-150g\/"},"modified":"2026-04-23T08:33:24","modified_gmt":"2026-04-23T05:33:24","slug":"zemenu-krems-ar-sald-merci-citro-150g","status":"publish","type":"product","link":"https:\/\/ventspils.citro.lv\/ru\/veikals\/zemenu-krems-ar-sald-merci-citro-150g\/","title":{"rendered":"Zeme\u0146u kr\u0113ms ar sald. m\u0113rci Citro 150g"},"content":{"rendered":"<p>Sast\u0101vs: PIENS; PUTUKR\u0112JUMS  uz augu tauku b\u0101zes; zemenes; cukurs; kaltkr\u0113ms (cukurs; modific\u0113ta ciete (E1414); V\u0100JPIENA pulveris; palmu e\u013c\u013ca RSPO MB; S\u016aKALU pulveris; biezin\u0101t\u0101js (E401); s\u0101ls; kr\u0101svielas (E160a, E101); aromatiz\u0113t\u0101js; PIENA olbaltumvielas  ).<\/p>\n","protected":false},"excerpt":{"rendered":"<p>7.93 \u20ac\/gb<\/p>\n","protected":false},"featured_media":1250365,"template":"","meta":{"_acf_changed":false,"inline_featured_image":false},"product_cat":[113,221],"product_tag":[],"acf":[],"aioseo_notices":[],"_links":{"self":[{"href":"https:\/\/ventspils.citro.lv\/ru\/wp-json\/wp\/v2\/product\/133035"}],"collection":[{"href":"https:\/\/ventspils.citro.lv\/ru\/wp-json\/wp\/v2\/product"}],"about":[{"href":"https:\/\/ventspils.citro.lv\/ru\/wp-json\/wp\/v2\/types\/product"}],"wp:featuredmedia":[{"embeddable":true,"href":"https:\/\/ventspils.citro.lv\/ru\/wp-json\/wp\/v2\/media\/1250365"}],"wp:attachment":[{"href":"https:\/\/ventspils.citro.lv\/ru\/wp-json\/wp\/v2\/media?parent=133035"}],"wp:term":[{"taxonomy":"product_cat","embeddable":true,"href":"https:\/\/ventspils.citro.lv\/ru\/wp-json\/wp\/v2\/product_cat?post=133035"},{"taxonomy":"product_tag","embeddable":true,"href":"https:\/\/ventspils.citro.lv\/ru\/wp-json\/wp\/v2\/product_tag?post=133035"}],"curies":[{"name":"wp","href":"https:\/\/api.w.org\/{rel}","templated":true}]}}