{"id":131770,"date":"2026-04-24T06:03:25","date_gmt":"2026-04-24T03:03:25","guid":{"rendered":"https:\/\/ventspils.citro.lv\/veikals\/silkes-fileja-ella-gardums-250g-termo\/"},"modified":"2026-04-24T06:03:30","modified_gmt":"2026-04-24T03:03:30","slug":"silkes-fileja-ella-gardums-250g-termo","status":"publish","type":"product","link":"https:\/\/ventspils.citro.lv\/ru\/veikals\/silkes-fileja-ella-gardums-250g-termo\/","title":{"rendered":"Si\u013c\u0137es fileja e\u013c\u013c\u0101 Gardums 250g (termo)"},"content":{"rendered":"","protected":false},"excerpt":{"rendered":"<p>9.96 \u20ac\/kg<\/p>\n","protected":false},"featured_media":1251917,"template":"","meta":{"_acf_changed":false,"inline_featured_image":false},"product_cat":[545,135],"product_tag":[],"acf":[],"aioseo_notices":[],"_links":{"self":[{"href":"https:\/\/ventspils.citro.lv\/ru\/wp-json\/wp\/v2\/product\/131770"}],"collection":[{"href":"https:\/\/ventspils.citro.lv\/ru\/wp-json\/wp\/v2\/product"}],"about":[{"href":"https:\/\/ventspils.citro.lv\/ru\/wp-json\/wp\/v2\/types\/product"}],"wp:featuredmedia":[{"embeddable":true,"href":"https:\/\/ventspils.citro.lv\/ru\/wp-json\/wp\/v2\/media\/1251917"}],"wp:attachment":[{"href":"https:\/\/ventspils.citro.lv\/ru\/wp-json\/wp\/v2\/media?parent=131770"}],"wp:term":[{"taxonomy":"product_cat","embeddable":true,"href":"https:\/\/ventspils.citro.lv\/ru\/wp-json\/wp\/v2\/product_cat?post=131770"},{"taxonomy":"product_tag","embeddable":true,"href":"https:\/\/ventspils.citro.lv\/ru\/wp-json\/wp\/v2\/product_tag?post=131770"}],"curies":[{"name":"wp","href":"https:\/\/api.w.org\/{rel}","templated":true}]}}