{"id":130575,"date":"2026-03-17T03:18:57","date_gmt":"2026-03-17T01:18:57","guid":{"rendered":"https:\/\/ventspils.citro.lv\/veikals\/zeleja-auglu-200g-2\/"},"modified":"2026-03-31T00:15:25","modified_gmt":"2026-03-30T21:15:25","slug":"zeleja-auglu-citro-200g","status":"publish","type":"product","link":"https:\/\/ventspils.citro.lv\/ru\/veikals\/zeleja-auglu-citro-200g\/","title":{"rendered":"\u017deleja aug\u013cu Citro 200g"},"content":{"rendered":"<p>Sast\u0101vs:aug\u013ci svaigi\/konserv\u0113ti(60%), s\u012brups, cukurs,\u017eelat\u012bns, \u016bdens.Ra\u017eot\u0101js Sia Di\u0101na Bistro.Latvija.Uzglab\u0101t t pie +2 l\u012bdz +6 C<\/p>\n","protected":false},"excerpt":{"rendered":"<p>6.95 \u20ac\/kg<\/p>\n","protected":false},"featured_media":1226239,"template":"","meta":{"_acf_changed":false,"inline_featured_image":false},"product_cat":[113,221],"product_tag":[],"acf":[],"aioseo_notices":[],"_links":{"self":[{"href":"https:\/\/ventspils.citro.lv\/ru\/wp-json\/wp\/v2\/product\/130575"}],"collection":[{"href":"https:\/\/ventspils.citro.lv\/ru\/wp-json\/wp\/v2\/product"}],"about":[{"href":"https:\/\/ventspils.citro.lv\/ru\/wp-json\/wp\/v2\/types\/product"}],"wp:featuredmedia":[{"embeddable":true,"href":"https:\/\/ventspils.citro.lv\/ru\/wp-json\/wp\/v2\/media\/1226239"}],"wp:attachment":[{"href":"https:\/\/ventspils.citro.lv\/ru\/wp-json\/wp\/v2\/media?parent=130575"}],"wp:term":[{"taxonomy":"product_cat","embeddable":true,"href":"https:\/\/ventspils.citro.lv\/ru\/wp-json\/wp\/v2\/product_cat?post=130575"},{"taxonomy":"product_tag","embeddable":true,"href":"https:\/\/ventspils.citro.lv\/ru\/wp-json\/wp\/v2\/product_tag?post=130575"}],"curies":[{"name":"wp","href":"https:\/\/api.w.org\/{rel}","templated":true}]}}