{"id":1260764,"date":"2026-05-14T02:48:46","date_gmt":"2026-05-13T23:48:46","guid":{"rendered":"https:\/\/ventspils.citro.lv\/veikals\/konservi-midijas-kupinatas-ella-banga-120g\/"},"modified":"2026-05-14T02:48:50","modified_gmt":"2026-05-13T23:48:50","slug":"konservi-midijas-kupinatas-ella-banga-120g","status":"publish","type":"product","link":"https:\/\/ventspils.citro.lv\/ru\/veikals\/konservi-midijas-kupinatas-ella-banga-120g\/","title":{"rendered":"Konservi m\u012bdijas k\u016bpin\u0101tas e\u013c\u013c\u0101 banga 120g"},"content":{"rendered":"","protected":false},"excerpt":{"rendered":"<p>23.25 \u20ac\/kg<\/p>\n","protected":false},"featured_media":0,"template":"","meta":{"_acf_changed":false,"inline_featured_image":false},"product_cat":[540,135],"product_tag":[],"acf":[],"aioseo_notices":[],"_links":{"self":[{"href":"https:\/\/ventspils.citro.lv\/ru\/wp-json\/wp\/v2\/product\/1260764"}],"collection":[{"href":"https:\/\/ventspils.citro.lv\/ru\/wp-json\/wp\/v2\/product"}],"about":[{"href":"https:\/\/ventspils.citro.lv\/ru\/wp-json\/wp\/v2\/types\/product"}],"wp:attachment":[{"href":"https:\/\/ventspils.citro.lv\/ru\/wp-json\/wp\/v2\/media?parent=1260764"}],"wp:term":[{"taxonomy":"product_cat","embeddable":true,"href":"https:\/\/ventspils.citro.lv\/ru\/wp-json\/wp\/v2\/product_cat?post=1260764"},{"taxonomy":"product_tag","embeddable":true,"href":"https:\/\/ventspils.citro.lv\/ru\/wp-json\/wp\/v2\/product_tag?post=1260764"}],"curies":[{"name":"wp","href":"https:\/\/api.w.org\/{rel}","templated":true}]}}