{"id":1256692,"date":"2026-05-08T02:30:48","date_gmt":"2026-05-07T23:30:48","guid":{"rendered":"https:\/\/ventspils.citro.lv\/veikals\/bulcina-biezpiena-ar-sukadem-citro\/"},"modified":"2026-05-08T02:30:58","modified_gmt":"2026-05-07T23:30:58","slug":"bulcina-biezpiena-ar-sukadem-citro","status":"publish","type":"product","link":"https:\/\/ventspils.citro.lv\/ru\/veikals\/bulcina-biezpiena-ar-sukadem-citro\/","title":{"rendered":"Bulci\u0146a biezpiena ar suk\u0101d\u0113m Citro"},"content":{"rendered":"","protected":false},"excerpt":{"rendered":"<p>0.80 \u20ac\/gb<\/p>\n","protected":false},"featured_media":1257489,"template":"","meta":{"_acf_changed":false,"inline_featured_image":false},"product_cat":[109,110],"product_tag":[],"acf":[],"aioseo_notices":[],"_links":{"self":[{"href":"https:\/\/ventspils.citro.lv\/ru\/wp-json\/wp\/v2\/product\/1256692"}],"collection":[{"href":"https:\/\/ventspils.citro.lv\/ru\/wp-json\/wp\/v2\/product"}],"about":[{"href":"https:\/\/ventspils.citro.lv\/ru\/wp-json\/wp\/v2\/types\/product"}],"wp:featuredmedia":[{"embeddable":true,"href":"https:\/\/ventspils.citro.lv\/ru\/wp-json\/wp\/v2\/media\/1257489"}],"wp:attachment":[{"href":"https:\/\/ventspils.citro.lv\/ru\/wp-json\/wp\/v2\/media?parent=1256692"}],"wp:term":[{"taxonomy":"product_cat","embeddable":true,"href":"https:\/\/ventspils.citro.lv\/ru\/wp-json\/wp\/v2\/product_cat?post=1256692"},{"taxonomy":"product_tag","embeddable":true,"href":"https:\/\/ventspils.citro.lv\/ru\/wp-json\/wp\/v2\/product_tag?post=1256692"}],"curies":[{"name":"wp","href":"https:\/\/api.w.org\/{rel}","templated":true}]}}