{"id":1255223,"date":"2026-04-30T03:00:49","date_gmt":"2026-04-30T00:00:49","guid":{"rendered":"https:\/\/ventspils.citro.lv\/veikals\/siers-majas-ar-skabo-krejumu-alma-180g\/"},"modified":"2026-04-30T03:00:52","modified_gmt":"2026-04-30T00:00:52","slug":"siers-majas-ar-skabo-krejumu-alma-180g","status":"publish","type":"product","link":"https:\/\/ventspils.citro.lv\/ru\/veikals\/siers-majas-ar-skabo-krejumu-alma-180g\/","title":{"rendered":"Siers m\u0101jas ar sk\u0101bo kr\u0113jumu Alma 180g"},"content":{"rendered":"","protected":false},"excerpt":{"rendered":"<p>5.50 \u20ac\/kg<\/p>\n","protected":false},"featured_media":0,"template":"","meta":{"_acf_changed":false,"inline_featured_image":false},"product_cat":[95,96],"product_tag":[],"acf":[],"aioseo_notices":[],"_links":{"self":[{"href":"https:\/\/ventspils.citro.lv\/ru\/wp-json\/wp\/v2\/product\/1255223"}],"collection":[{"href":"https:\/\/ventspils.citro.lv\/ru\/wp-json\/wp\/v2\/product"}],"about":[{"href":"https:\/\/ventspils.citro.lv\/ru\/wp-json\/wp\/v2\/types\/product"}],"wp:attachment":[{"href":"https:\/\/ventspils.citro.lv\/ru\/wp-json\/wp\/v2\/media?parent=1255223"}],"wp:term":[{"taxonomy":"product_cat","embeddable":true,"href":"https:\/\/ventspils.citro.lv\/ru\/wp-json\/wp\/v2\/product_cat?post=1255223"},{"taxonomy":"product_tag","embeddable":true,"href":"https:\/\/ventspils.citro.lv\/ru\/wp-json\/wp\/v2\/product_tag?post=1255223"}],"curies":[{"name":"wp","href":"https:\/\/api.w.org\/{rel}","templated":true}]}}