{"id":1247010,"date":"2026-04-18T01:00:51","date_gmt":"2026-04-17T22:00:51","guid":{"rendered":"https:\/\/ventspils.citro.lv\/veikals\/kimenu-standzinas-citro-100g\/"},"modified":"2026-04-18T01:00:54","modified_gmt":"2026-04-17T22:00:54","slug":"kimenu-standzinas-citro-100g","status":"publish","type":"product","link":"https:\/\/ventspils.citro.lv\/ru\/veikals\/kimenu-standzinas-citro-100g\/","title":{"rendered":"\u0136ime\u0146u standzi\u0146as Citro 100g"},"content":{"rendered":"<p>Sast\u0101vda\u013cas: k\u0101rtain\u0101 m\u012bkla 91% (KVIE\u0160U milti, margar\u012bns (augu tauki (palmu, kokosa), \u016bdens, rap\u0161u e\u013c\u013ca, emulgators E471, sk\u0101buma regul\u0113t\u0101js E330, dab\u012bgs aromatiz\u0113t\u0101js, p\u0101rtikas kr\u0101sviela E160a), \u016bdens,  OLAS, p\u0101rtikas s\u0101ls , eti\u0137a esence), OLAS, \u0137imenes 2,9%, p\u0101rtikas s\u0101ls.  100 g produkta satur:  ener\u0123\u0113tisk\u0101 v\u0113rt\u012bba 2446 KJ\/588 kcal,  tauki 40,8 g, tostarp pies\u0101tin\u0101t\u0101s tauksk\u0101bes 18,7 g, og\u013chidr\u0101ti 44,7 g , tostarp cukurs 0,2 g, \u0161\u0137iedrvielas 3 g, olbaltumvielas 8,9 g, s\u0101ls 2,6 g. Uzglab\u0101t istabas temperat\u016br\u0101. Izlietot l\u012bdz: nor\u0101d\u012bts uz iepakojuma. Ra\u017eot\u0101js: SIA Di\u0101na Bistro, Andreja iela 5, Ventspils, Latvija.<\/p>\n","protected":false},"excerpt":{"rendered":"<p>11.90 \u20ac\/kg<\/p>\n","protected":false},"featured_media":0,"template":"","meta":{"_acf_changed":false,"inline_featured_image":false},"product_cat":[125,139],"product_tag":[],"acf":[],"aioseo_notices":[],"_links":{"self":[{"href":"https:\/\/ventspils.citro.lv\/ru\/wp-json\/wp\/v2\/product\/1247010"}],"collection":[{"href":"https:\/\/ventspils.citro.lv\/ru\/wp-json\/wp\/v2\/product"}],"about":[{"href":"https:\/\/ventspils.citro.lv\/ru\/wp-json\/wp\/v2\/types\/product"}],"wp:attachment":[{"href":"https:\/\/ventspils.citro.lv\/ru\/wp-json\/wp\/v2\/media?parent=1247010"}],"wp:term":[{"taxonomy":"product_cat","embeddable":true,"href":"https:\/\/ventspils.citro.lv\/ru\/wp-json\/wp\/v2\/product_cat?post=1247010"},{"taxonomy":"product_tag","embeddable":true,"href":"https:\/\/ventspils.citro.lv\/ru\/wp-json\/wp\/v2\/product_tag?post=1247010"}],"curies":[{"name":"wp","href":"https:\/\/api.w.org\/{rel}","templated":true}]}}