{"id":1239294,"date":"2026-04-02T02:51:45","date_gmt":"2026-04-01T23:51:45","guid":{"rendered":"https:\/\/ventspils.citro.lv\/veikals\/cipsi-kukuruzas-ar-nacho-siera-garsu-doritos-90g\/"},"modified":"2026-04-02T02:51:47","modified_gmt":"2026-04-01T23:51:47","slug":"cipsi-kukuruzas-ar-nacho-siera-garsu-doritos-90g","status":"publish","type":"product","link":"https:\/\/ventspils.citro.lv\/ru\/veikals\/cipsi-kukuruzas-ar-nacho-siera-garsu-doritos-90g\/","title":{"rendered":"\u010cipsi kukur\u016bzas ar nacho siera gar\u0161u Doritos 90g"},"content":{"rendered":"","protected":false},"excerpt":{"rendered":"<p>23.89 \u20ac\/kg<\/p>\n","protected":false},"featured_media":0,"template":"","meta":{"_acf_changed":false,"inline_featured_image":false},"product_cat":[125,191],"product_tag":[],"acf":[],"aioseo_notices":[],"_links":{"self":[{"href":"https:\/\/ventspils.citro.lv\/ru\/wp-json\/wp\/v2\/product\/1239294"}],"collection":[{"href":"https:\/\/ventspils.citro.lv\/ru\/wp-json\/wp\/v2\/product"}],"about":[{"href":"https:\/\/ventspils.citro.lv\/ru\/wp-json\/wp\/v2\/types\/product"}],"wp:attachment":[{"href":"https:\/\/ventspils.citro.lv\/ru\/wp-json\/wp\/v2\/media?parent=1239294"}],"wp:term":[{"taxonomy":"product_cat","embeddable":true,"href":"https:\/\/ventspils.citro.lv\/ru\/wp-json\/wp\/v2\/product_cat?post=1239294"},{"taxonomy":"product_tag","embeddable":true,"href":"https:\/\/ventspils.citro.lv\/ru\/wp-json\/wp\/v2\/product_tag?post=1239294"}],"curies":[{"name":"wp","href":"https:\/\/api.w.org\/{rel}","templated":true}]}}