{"id":1235934,"date":"2026-04-09T03:21:02","date_gmt":"2026-04-09T00:21:02","guid":{"rendered":"https:\/\/ventspils.citro.lv\/veikals\/garneles-panetas-saldetas-torpedo-vici-300g\/"},"modified":"2026-04-09T03:21:08","modified_gmt":"2026-04-09T00:21:08","slug":"garneles-panetas-saldetas-torpedo-vici-300g","status":"publish","type":"product","link":"https:\/\/ventspils.citro.lv\/ru\/veikals\/garneles-panetas-saldetas-torpedo-vici-300g\/","title":{"rendered":"Garneles pan\u0113tas sald\u0113tas Torpedo Vi\u010di 300g"},"content":{"rendered":"","protected":false},"excerpt":{"rendered":"<p>16.63 \u20ac\/kg<\/p>\n","protected":false},"featured_media":1242022,"template":"","meta":{"_acf_changed":false,"inline_featured_image":false},"product_cat":[571,231],"product_tag":[],"acf":[],"aioseo_notices":[],"_links":{"self":[{"href":"https:\/\/ventspils.citro.lv\/ru\/wp-json\/wp\/v2\/product\/1235934"}],"collection":[{"href":"https:\/\/ventspils.citro.lv\/ru\/wp-json\/wp\/v2\/product"}],"about":[{"href":"https:\/\/ventspils.citro.lv\/ru\/wp-json\/wp\/v2\/types\/product"}],"wp:featuredmedia":[{"embeddable":true,"href":"https:\/\/ventspils.citro.lv\/ru\/wp-json\/wp\/v2\/media\/1242022"}],"wp:attachment":[{"href":"https:\/\/ventspils.citro.lv\/ru\/wp-json\/wp\/v2\/media?parent=1235934"}],"wp:term":[{"taxonomy":"product_cat","embeddable":true,"href":"https:\/\/ventspils.citro.lv\/ru\/wp-json\/wp\/v2\/product_cat?post=1235934"},{"taxonomy":"product_tag","embeddable":true,"href":"https:\/\/ventspils.citro.lv\/ru\/wp-json\/wp\/v2\/product_tag?post=1235934"}],"curies":[{"name":"wp","href":"https:\/\/api.w.org\/{rel}","templated":true}]}}