{"id":1228847,"date":"2026-05-09T01:27:42","date_gmt":"2026-05-08T22:27:42","guid":{"rendered":"https:\/\/ventspils.citro.lv\/veikals\/tomati-cherry-sava-sula-680g\/"},"modified":"2026-05-09T01:27:50","modified_gmt":"2026-05-08T22:27:50","slug":"tomati-cherry-sava-sula-680g","status":"publish","type":"product","link":"https:\/\/ventspils.citro.lv\/ru\/veikals\/tomati-cherry-sava-sula-680g\/","title":{"rendered":"Tom\u0101ti cherry sav\u0101 sul\u0101 680g"},"content":{"rendered":"","protected":false},"excerpt":{"rendered":"<p>2.63 \u20ac\/kg<\/p>\n","protected":false},"featured_media":0,"template":"","meta":{"_acf_changed":false,"inline_featured_image":false},"product_cat":[103,137],"product_tag":[],"acf":[],"aioseo_notices":[],"_links":{"self":[{"href":"https:\/\/ventspils.citro.lv\/ru\/wp-json\/wp\/v2\/product\/1228847"}],"collection":[{"href":"https:\/\/ventspils.citro.lv\/ru\/wp-json\/wp\/v2\/product"}],"about":[{"href":"https:\/\/ventspils.citro.lv\/ru\/wp-json\/wp\/v2\/types\/product"}],"wp:attachment":[{"href":"https:\/\/ventspils.citro.lv\/ru\/wp-json\/wp\/v2\/media?parent=1228847"}],"wp:term":[{"taxonomy":"product_cat","embeddable":true,"href":"https:\/\/ventspils.citro.lv\/ru\/wp-json\/wp\/v2\/product_cat?post=1228847"},{"taxonomy":"product_tag","embeddable":true,"href":"https:\/\/ventspils.citro.lv\/ru\/wp-json\/wp\/v2\/product_tag?post=1228847"}],"curies":[{"name":"wp","href":"https:\/\/api.w.org\/{rel}","templated":true}]}}