{"id":1228845,"date":"2026-04-10T10:27:14","date_gmt":"2026-04-10T07:27:14","guid":{"rendered":"https:\/\/ventspils.citro.lv\/veikals\/konfektes-sokolades-olas-ar-drazejam-fazer-american-65g-l-d\/"},"modified":"2026-04-10T10:27:18","modified_gmt":"2026-04-10T07:27:18","slug":"konfektes-sokolades-olas-ar-drazejam-fazer-american-65g-l-d","status":"publish","type":"product","link":"https:\/\/ventspils.citro.lv\/ru\/veikals\/konfektes-sokolades-olas-ar-drazejam-fazer-american-65g-l-d\/","title":{"rendered":"Konfektes \u0161okol\u0101des olas ar dra\u017eej\u0101m Fazer American 65g L.D."},"content":{"rendered":"","protected":false},"excerpt":{"rendered":"<p>35.23 \u20ac\/kg<\/p>\n","protected":false},"featured_media":1244411,"template":"","meta":{"_acf_changed":false,"inline_featured_image":false},"product_cat":[533,125],"product_tag":[],"acf":[],"aioseo_notices":[],"_links":{"self":[{"href":"https:\/\/ventspils.citro.lv\/ru\/wp-json\/wp\/v2\/product\/1228845"}],"collection":[{"href":"https:\/\/ventspils.citro.lv\/ru\/wp-json\/wp\/v2\/product"}],"about":[{"href":"https:\/\/ventspils.citro.lv\/ru\/wp-json\/wp\/v2\/types\/product"}],"wp:featuredmedia":[{"embeddable":true,"href":"https:\/\/ventspils.citro.lv\/ru\/wp-json\/wp\/v2\/media\/1244411"}],"wp:attachment":[{"href":"https:\/\/ventspils.citro.lv\/ru\/wp-json\/wp\/v2\/media?parent=1228845"}],"wp:term":[{"taxonomy":"product_cat","embeddable":true,"href":"https:\/\/ventspils.citro.lv\/ru\/wp-json\/wp\/v2\/product_cat?post=1228845"},{"taxonomy":"product_tag","embeddable":true,"href":"https:\/\/ventspils.citro.lv\/ru\/wp-json\/wp\/v2\/product_tag?post=1228845"}],"curies":[{"name":"wp","href":"https:\/\/api.w.org\/{rel}","templated":true}]}}