{"id":1228837,"date":"2026-04-10T10:24:38","date_gmt":"2026-04-10T07:24:38","guid":{"rendered":"https:\/\/ventspils.citro.lv\/veikals\/bariba-kakiem-dofeed-adult-1-5kg\/"},"modified":"2026-04-10T10:24:42","modified_gmt":"2026-04-10T07:24:42","slug":"bariba-kakiem-dofeed-adult-1-5kg","status":"publish","type":"product","link":"https:\/\/ventspils.citro.lv\/ru\/veikals\/bariba-kakiem-dofeed-adult-1-5kg\/","title":{"rendered":"Bar\u012bba ka\u0137iem DoFeed Adult 1.5kg\u00a0\u00a0\u00a0\u00a0\u00a0\u00a0\u00a0\u00a0\u00a0\u00a0\u00a0\u00a0\u00a0\u00a0\u00a0\u00a0\u00a0\u00a0\u00a0\u00a0\u00a0\u00a0\u00a0\u00a0\u00a0\u00a0\u00a0\u00a0"},"content":{"rendered":"<p>Graudaugi un no tiem ieg\u016btie produkti, sauszemes dz\u012bvnieku produkti un no tiem ieg\u016btie produkti (vistas ga\u013cas milti 5%, liellopu ga\u013cas milti 5%), e\u013c\u013cas augu s\u0113klas, e\u013c\u013cas augi un to produkti, miner\u0101lvielas un no t\u0101m ieg\u016bti produkti<\/p>\n","protected":false},"excerpt":{"rendered":"<p>3.46 \u20ac\/kg<\/p>\n","protected":false},"featured_media":0,"template":"","meta":{"_acf_changed":false,"inline_featured_image":false},"product_cat":[153,175],"product_tag":[],"acf":[],"aioseo_notices":[],"_links":{"self":[{"href":"https:\/\/ventspils.citro.lv\/ru\/wp-json\/wp\/v2\/product\/1228837"}],"collection":[{"href":"https:\/\/ventspils.citro.lv\/ru\/wp-json\/wp\/v2\/product"}],"about":[{"href":"https:\/\/ventspils.citro.lv\/ru\/wp-json\/wp\/v2\/types\/product"}],"wp:attachment":[{"href":"https:\/\/ventspils.citro.lv\/ru\/wp-json\/wp\/v2\/media?parent=1228837"}],"wp:term":[{"taxonomy":"product_cat","embeddable":true,"href":"https:\/\/ventspils.citro.lv\/ru\/wp-json\/wp\/v2\/product_cat?post=1228837"},{"taxonomy":"product_tag","embeddable":true,"href":"https:\/\/ventspils.citro.lv\/ru\/wp-json\/wp\/v2\/product_tag?post=1228837"}],"curies":[{"name":"wp","href":"https:\/\/api.w.org\/{rel}","templated":true}]}}