{"id":1228835,"date":"2026-04-28T04:57:03","date_gmt":"2026-04-28T01:57:03","guid":{"rendered":"https:\/\/ventspils.citro.lv\/veikals\/konfektes-marcipana-olinas-avenu-125g-l-d\/"},"modified":"2026-04-28T04:57:15","modified_gmt":"2026-04-28T01:57:15","slug":"konfektes-marcipana-olinas-avenu-125g-l-d","status":"publish","type":"product","link":"https:\/\/ventspils.citro.lv\/ru\/veikals\/konfektes-marcipana-olinas-avenu-125g-l-d\/","title":{"rendered":"Konfektes marcip\u0101na oli\u0146as ave\u0146u 125g L.D."},"content":{"rendered":"","protected":false},"excerpt":{"rendered":"<p>17.52 \u20ac\/kg<\/p>\n","protected":false},"featured_media":1254675,"template":"","meta":{"_acf_changed":false,"inline_featured_image":false},"product_cat":[125,207],"product_tag":[],"acf":[],"aioseo_notices":[],"_links":{"self":[{"href":"https:\/\/ventspils.citro.lv\/ru\/wp-json\/wp\/v2\/product\/1228835"}],"collection":[{"href":"https:\/\/ventspils.citro.lv\/ru\/wp-json\/wp\/v2\/product"}],"about":[{"href":"https:\/\/ventspils.citro.lv\/ru\/wp-json\/wp\/v2\/types\/product"}],"wp:featuredmedia":[{"embeddable":true,"href":"https:\/\/ventspils.citro.lv\/ru\/wp-json\/wp\/v2\/media\/1254675"}],"wp:attachment":[{"href":"https:\/\/ventspils.citro.lv\/ru\/wp-json\/wp\/v2\/media?parent=1228835"}],"wp:term":[{"taxonomy":"product_cat","embeddable":true,"href":"https:\/\/ventspils.citro.lv\/ru\/wp-json\/wp\/v2\/product_cat?post=1228835"},{"taxonomy":"product_tag","embeddable":true,"href":"https:\/\/ventspils.citro.lv\/ru\/wp-json\/wp\/v2\/product_tag?post=1228835"}],"curies":[{"name":"wp","href":"https:\/\/api.w.org\/{rel}","templated":true}]}}