{"id":1228817,"date":"2026-04-24T11:57:15","date_gmt":"2026-04-24T08:57:15","guid":{"rendered":"https:\/\/ventspils.citro.lv\/veikals\/ievarijums-zemenu-kullus-400g\/"},"modified":"2026-04-24T11:57:25","modified_gmt":"2026-04-24T08:57:25","slug":"ievarijums-zemenu-kullus-400g","status":"publish","type":"product","link":"https:\/\/ventspils.citro.lv\/ru\/veikals\/ievarijums-zemenu-kullus-400g\/","title":{"rendered":"Iev\u0101r\u012bjums zeme\u0146u Kullus 400g"},"content":{"rendered":"","protected":false},"excerpt":{"rendered":"<p>7.38 \u20ac\/kg<\/p>\n","protected":false},"featured_media":1253437,"template":"","meta":{"_acf_changed":false,"inline_featured_image":false},"product_cat":[560,103],"product_tag":[],"acf":[],"aioseo_notices":[],"_links":{"self":[{"href":"https:\/\/ventspils.citro.lv\/ru\/wp-json\/wp\/v2\/product\/1228817"}],"collection":[{"href":"https:\/\/ventspils.citro.lv\/ru\/wp-json\/wp\/v2\/product"}],"about":[{"href":"https:\/\/ventspils.citro.lv\/ru\/wp-json\/wp\/v2\/types\/product"}],"wp:featuredmedia":[{"embeddable":true,"href":"https:\/\/ventspils.citro.lv\/ru\/wp-json\/wp\/v2\/media\/1253437"}],"wp:attachment":[{"href":"https:\/\/ventspils.citro.lv\/ru\/wp-json\/wp\/v2\/media?parent=1228817"}],"wp:term":[{"taxonomy":"product_cat","embeddable":true,"href":"https:\/\/ventspils.citro.lv\/ru\/wp-json\/wp\/v2\/product_cat?post=1228817"},{"taxonomy":"product_tag","embeddable":true,"href":"https:\/\/ventspils.citro.lv\/ru\/wp-json\/wp\/v2\/product_tag?post=1228817"}],"curies":[{"name":"wp","href":"https:\/\/api.w.org\/{rel}","templated":true}]}}