{"id":1228816,"date":"2026-05-07T04:51:25","date_gmt":"2026-05-07T01:51:25","guid":{"rendered":"https:\/\/ventspils.citro.lv\/veikals\/sokolades-dzeriens-mokate-salted-caramel-18gx10gab\/"},"modified":"2026-05-13T16:59:10","modified_gmt":"2026-05-13T13:59:10","slug":"sokolades-dzeriens-mokate-salted-caramel-18gx10gab","status":"publish","type":"product","link":"https:\/\/ventspils.citro.lv\/ru\/veikals\/sokolades-dzeriens-mokate-salted-caramel-18gx10gab\/","title":{"rendered":"\u0160okol\u0101des dz\u0113riens Mokate Salted Caramel 18gx10gab"},"content":{"rendered":"","protected":false},"excerpt":{"rendered":"<p>14.39 \u20ac\/kg<\/p>\n","protected":false},"featured_media":1257253,"template":"","meta":{"_acf_changed":false,"inline_featured_image":false},"product_cat":[551,142],"product_tag":[],"acf":[],"aioseo_notices":[],"_links":{"self":[{"href":"https:\/\/ventspils.citro.lv\/ru\/wp-json\/wp\/v2\/product\/1228816"}],"collection":[{"href":"https:\/\/ventspils.citro.lv\/ru\/wp-json\/wp\/v2\/product"}],"about":[{"href":"https:\/\/ventspils.citro.lv\/ru\/wp-json\/wp\/v2\/types\/product"}],"wp:featuredmedia":[{"embeddable":true,"href":"https:\/\/ventspils.citro.lv\/ru\/wp-json\/wp\/v2\/media\/1257253"}],"wp:attachment":[{"href":"https:\/\/ventspils.citro.lv\/ru\/wp-json\/wp\/v2\/media?parent=1228816"}],"wp:term":[{"taxonomy":"product_cat","embeddable":true,"href":"https:\/\/ventspils.citro.lv\/ru\/wp-json\/wp\/v2\/product_cat?post=1228816"},{"taxonomy":"product_tag","embeddable":true,"href":"https:\/\/ventspils.citro.lv\/ru\/wp-json\/wp\/v2\/product_tag?post=1228816"}],"curies":[{"name":"wp","href":"https:\/\/api.w.org\/{rel}","templated":true}]}}