{"id":1228810,"date":"2026-04-29T01:48:03","date_gmt":"2026-04-28T22:48:03","guid":{"rendered":"https:\/\/ventspils.citro.lv\/veikals\/ievarijums-meza-dzervenu-kullus-410g\/"},"modified":"2026-04-29T01:48:15","modified_gmt":"2026-04-28T22:48:15","slug":"ievarijums-meza-dzervenu-kullus-410g","status":"publish","type":"product","link":"https:\/\/ventspils.citro.lv\/ru\/veikals\/ievarijums-meza-dzervenu-kullus-410g\/","title":{"rendered":"Iev\u0101r\u012bjums me\u017ea dz\u0113rve\u0146u Kullus 410g"},"content":{"rendered":"","protected":false},"excerpt":{"rendered":"<p>8.17 \u20ac\/kg<\/p>\n","protected":false},"featured_media":1254846,"template":"","meta":{"_acf_changed":false,"inline_featured_image":false},"product_cat":[560,103],"product_tag":[],"acf":[],"aioseo_notices":[],"_links":{"self":[{"href":"https:\/\/ventspils.citro.lv\/ru\/wp-json\/wp\/v2\/product\/1228810"}],"collection":[{"href":"https:\/\/ventspils.citro.lv\/ru\/wp-json\/wp\/v2\/product"}],"about":[{"href":"https:\/\/ventspils.citro.lv\/ru\/wp-json\/wp\/v2\/types\/product"}],"wp:featuredmedia":[{"embeddable":true,"href":"https:\/\/ventspils.citro.lv\/ru\/wp-json\/wp\/v2\/media\/1254846"}],"wp:attachment":[{"href":"https:\/\/ventspils.citro.lv\/ru\/wp-json\/wp\/v2\/media?parent=1228810"}],"wp:term":[{"taxonomy":"product_cat","embeddable":true,"href":"https:\/\/ventspils.citro.lv\/ru\/wp-json\/wp\/v2\/product_cat?post=1228810"},{"taxonomy":"product_tag","embeddable":true,"href":"https:\/\/ventspils.citro.lv\/ru\/wp-json\/wp\/v2\/product_tag?post=1228810"}],"curies":[{"name":"wp","href":"https:\/\/api.w.org\/{rel}","templated":true}]}}