{"id":1228809,"date":"2026-05-16T01:45:03","date_gmt":"2026-05-15T22:45:03","guid":{"rendered":"https:\/\/ventspils.citro.lv\/veikals\/ievarijums-avenu-rongu-mahl-1kg\/"},"modified":"2026-05-16T01:45:13","modified_gmt":"2026-05-15T22:45:13","slug":"ievarijums-avenu-rongu-mahl-1kg","status":"publish","type":"product","link":"https:\/\/ventspils.citro.lv\/ru\/veikals\/ievarijums-avenu-rongu-mahl-1kg\/","title":{"rendered":"Iev\u0101r\u012bjums ave\u0146u Rongu Mahl 1kg"},"content":{"rendered":"","protected":false},"excerpt":{"rendered":"<p>6.99 \u20ac\/kg<\/p>\n","protected":false},"featured_media":1261307,"template":"","meta":{"_acf_changed":false,"inline_featured_image":false},"product_cat":[560,103],"product_tag":[],"acf":[],"aioseo_notices":[],"_links":{"self":[{"href":"https:\/\/ventspils.citro.lv\/ru\/wp-json\/wp\/v2\/product\/1228809"}],"collection":[{"href":"https:\/\/ventspils.citro.lv\/ru\/wp-json\/wp\/v2\/product"}],"about":[{"href":"https:\/\/ventspils.citro.lv\/ru\/wp-json\/wp\/v2\/types\/product"}],"wp:featuredmedia":[{"embeddable":true,"href":"https:\/\/ventspils.citro.lv\/ru\/wp-json\/wp\/v2\/media\/1261307"}],"wp:attachment":[{"href":"https:\/\/ventspils.citro.lv\/ru\/wp-json\/wp\/v2\/media?parent=1228809"}],"wp:term":[{"taxonomy":"product_cat","embeddable":true,"href":"https:\/\/ventspils.citro.lv\/ru\/wp-json\/wp\/v2\/product_cat?post=1228809"},{"taxonomy":"product_tag","embeddable":true,"href":"https:\/\/ventspils.citro.lv\/ru\/wp-json\/wp\/v2\/product_tag?post=1228809"}],"curies":[{"name":"wp","href":"https:\/\/api.w.org\/{rel}","templated":true}]}}