{"id":1228807,"date":"2026-04-10T10:15:35","date_gmt":"2026-04-10T07:15:35","guid":{"rendered":"https:\/\/ventspils.citro.lv\/veikals\/kakao-kiddy-skistoss-380g\/"},"modified":"2026-04-10T10:15:39","modified_gmt":"2026-04-10T07:15:39","slug":"kakao-kiddy-skistoss-380g","status":"publish","type":"product","link":"https:\/\/ventspils.citro.lv\/ru\/veikals\/kakao-kiddy-skistoss-380g\/","title":{"rendered":"Kakao Kiddy \u0161\u0137\u012bsto\u0161s 380g"},"content":{"rendered":"<p>cukurs, kakao pulvers ar mazu tauku saturu (16,5%), maltodekst\u012bns, kalcija karbon\u0101ts, magnija karbon\u0101ts, emulgators lecit\u012bns (SOJAS), vitam\u012bnu mais\u012bjums: C vitam\u012bns, tiam\u012bns, ribaflov\u012bns, B6 vitam\u012bns, B12 vitam\u012bns, E vitam\u012bns,biot\u012bns, niac\u012bns, folsk\u0101be, pantot\u0113nsk\u0101be,; s\u0101ls , kan\u0113lis, vanil\u012bna aromatiz\u0113t\u0101js<\/p>\n","protected":false},"excerpt":{"rendered":"<p>11.55 \u20ac\/kg<\/p>\n","protected":false},"featured_media":1244367,"template":"","meta":{"_acf_changed":false,"inline_featured_image":false},"product_cat":[551,142],"product_tag":[],"acf":[],"aioseo_notices":[],"_links":{"self":[{"href":"https:\/\/ventspils.citro.lv\/ru\/wp-json\/wp\/v2\/product\/1228807"}],"collection":[{"href":"https:\/\/ventspils.citro.lv\/ru\/wp-json\/wp\/v2\/product"}],"about":[{"href":"https:\/\/ventspils.citro.lv\/ru\/wp-json\/wp\/v2\/types\/product"}],"wp:featuredmedia":[{"embeddable":true,"href":"https:\/\/ventspils.citro.lv\/ru\/wp-json\/wp\/v2\/media\/1244367"}],"wp:attachment":[{"href":"https:\/\/ventspils.citro.lv\/ru\/wp-json\/wp\/v2\/media?parent=1228807"}],"wp:term":[{"taxonomy":"product_cat","embeddable":true,"href":"https:\/\/ventspils.citro.lv\/ru\/wp-json\/wp\/v2\/product_cat?post=1228807"},{"taxonomy":"product_tag","embeddable":true,"href":"https:\/\/ventspils.citro.lv\/ru\/wp-json\/wp\/v2\/product_tag?post=1228807"}],"curies":[{"name":"wp","href":"https:\/\/api.w.org\/{rel}","templated":true}]}}