{"id":1228804,"date":"2026-04-10T10:15:02","date_gmt":"2026-04-10T07:15:02","guid":{"rendered":"https:\/\/ventspils.citro.lv\/veikals\/leco-tomatu-merce-gospodarocka-470g\/"},"modified":"2026-04-10T10:15:08","modified_gmt":"2026-04-10T07:15:08","slug":"leco-tomatu-merce-gospodarocka-470g","status":"publish","type":"product","link":"https:\/\/ventspils.citro.lv\/ru\/veikals\/leco-tomatu-merce-gospodarocka-470g\/","title":{"rendered":"Le\u010do tom\u0101tu m\u0113rc\u0113 Gospodaro\u010dka 470g"},"content":{"rendered":"","protected":false},"excerpt":{"rendered":"<p>4.23 \u20ac\/kg<\/p>\n","protected":false},"featured_media":1244361,"template":"","meta":{"_acf_changed":false,"inline_featured_image":false},"product_cat":[103,137],"product_tag":[],"acf":[],"aioseo_notices":[],"_links":{"self":[{"href":"https:\/\/ventspils.citro.lv\/ru\/wp-json\/wp\/v2\/product\/1228804"}],"collection":[{"href":"https:\/\/ventspils.citro.lv\/ru\/wp-json\/wp\/v2\/product"}],"about":[{"href":"https:\/\/ventspils.citro.lv\/ru\/wp-json\/wp\/v2\/types\/product"}],"wp:featuredmedia":[{"embeddable":true,"href":"https:\/\/ventspils.citro.lv\/ru\/wp-json\/wp\/v2\/media\/1244361"}],"wp:attachment":[{"href":"https:\/\/ventspils.citro.lv\/ru\/wp-json\/wp\/v2\/media?parent=1228804"}],"wp:term":[{"taxonomy":"product_cat","embeddable":true,"href":"https:\/\/ventspils.citro.lv\/ru\/wp-json\/wp\/v2\/product_cat?post=1228804"},{"taxonomy":"product_tag","embeddable":true,"href":"https:\/\/ventspils.citro.lv\/ru\/wp-json\/wp\/v2\/product_tag?post=1228804"}],"curies":[{"name":"wp","href":"https:\/\/api.w.org\/{rel}","templated":true}]}}