{"id":1228802,"date":"2026-04-03T01:36:43","date_gmt":"2026-04-02T22:36:43","guid":{"rendered":"https:\/\/ventspils.citro.lv\/veikals\/ievarijums-avenu-lesne-skarby-290g\/"},"modified":"2026-04-03T01:36:55","modified_gmt":"2026-04-02T22:36:55","slug":"ievarijums-avenu-lesne-skarby-290g","status":"publish","type":"product","link":"https:\/\/ventspils.citro.lv\/ru\/veikals\/ievarijums-avenu-lesne-skarby-290g\/","title":{"rendered":"Iev\u0101r\u012bjums ave\u0146u Lesne Skarby 290g"},"content":{"rendered":"","protected":false},"excerpt":{"rendered":"<p>11.00 \u20ac\/kg<\/p>\n","protected":false},"featured_media":1239517,"template":"","meta":{"_acf_changed":false,"inline_featured_image":false},"product_cat":[560,103],"product_tag":[],"acf":[],"aioseo_notices":[],"_links":{"self":[{"href":"https:\/\/ventspils.citro.lv\/ru\/wp-json\/wp\/v2\/product\/1228802"}],"collection":[{"href":"https:\/\/ventspils.citro.lv\/ru\/wp-json\/wp\/v2\/product"}],"about":[{"href":"https:\/\/ventspils.citro.lv\/ru\/wp-json\/wp\/v2\/types\/product"}],"wp:featuredmedia":[{"embeddable":true,"href":"https:\/\/ventspils.citro.lv\/ru\/wp-json\/wp\/v2\/media\/1239517"}],"wp:attachment":[{"href":"https:\/\/ventspils.citro.lv\/ru\/wp-json\/wp\/v2\/media?parent=1228802"}],"wp:term":[{"taxonomy":"product_cat","embeddable":true,"href":"https:\/\/ventspils.citro.lv\/ru\/wp-json\/wp\/v2\/product_cat?post=1228802"},{"taxonomy":"product_tag","embeddable":true,"href":"https:\/\/ventspils.citro.lv\/ru\/wp-json\/wp\/v2\/product_tag?post=1228802"}],"curies":[{"name":"wp","href":"https:\/\/api.w.org\/{rel}","templated":true}]}}