{"id":1228797,"date":"2026-04-24T11:51:15","date_gmt":"2026-04-24T08:51:15","guid":{"rendered":"https:\/\/ventspils.citro.lv\/veikals\/skistosais-dzeriens-mokate-latte-matcha-classic-14gx6gab\/"},"modified":"2026-04-24T11:51:20","modified_gmt":"2026-04-24T08:51:20","slug":"skistosais-dzeriens-mokate-latte-matcha-classic-14gx6gab","status":"publish","type":"product","link":"https:\/\/ventspils.citro.lv\/ru\/veikals\/skistosais-dzeriens-mokate-latte-matcha-classic-14gx6gab\/","title":{"rendered":"\u0160\u0137\u012bsto\u0161ais dz\u0113riens Mokate Latte Matcha Classic 14gx6gab"},"content":{"rendered":"","protected":false},"excerpt":{"rendered":"<p>37.38 \u20ac\/kg<\/p>\n","protected":false},"featured_media":1253413,"template":"","meta":{"_acf_changed":false,"inline_featured_image":false},"product_cat":[551,142],"product_tag":[],"acf":[],"aioseo_notices":[],"_links":{"self":[{"href":"https:\/\/ventspils.citro.lv\/ru\/wp-json\/wp\/v2\/product\/1228797"}],"collection":[{"href":"https:\/\/ventspils.citro.lv\/ru\/wp-json\/wp\/v2\/product"}],"about":[{"href":"https:\/\/ventspils.citro.lv\/ru\/wp-json\/wp\/v2\/types\/product"}],"wp:featuredmedia":[{"embeddable":true,"href":"https:\/\/ventspils.citro.lv\/ru\/wp-json\/wp\/v2\/media\/1253413"}],"wp:attachment":[{"href":"https:\/\/ventspils.citro.lv\/ru\/wp-json\/wp\/v2\/media?parent=1228797"}],"wp:term":[{"taxonomy":"product_cat","embeddable":true,"href":"https:\/\/ventspils.citro.lv\/ru\/wp-json\/wp\/v2\/product_cat?post=1228797"},{"taxonomy":"product_tag","embeddable":true,"href":"https:\/\/ventspils.citro.lv\/ru\/wp-json\/wp\/v2\/product_tag?post=1228797"}],"curies":[{"name":"wp","href":"https:\/\/api.w.org\/{rel}","templated":true}]}}