{"id":1228791,"date":"2026-05-12T08:57:53","date_gmt":"2026-05-12T05:57:53","guid":{"rendered":"https:\/\/ventspils.citro.lv\/veikals\/bariba-kakiem-my-love-ar-trusa-galu-4x-85g\/"},"modified":"2026-05-12T08:58:02","modified_gmt":"2026-05-12T05:58:02","slug":"bariba-kakiem-my-love-ar-trusa-galu-4x-85g","status":"publish","type":"product","link":"https:\/\/ventspils.citro.lv\/ru\/veikals\/bariba-kakiem-my-love-ar-trusa-galu-4x-85g\/","title":{"rendered":"Bar\u012bba ka\u0137iem  My love ar tru\u0161a ga\u013cu 4x 85g"},"content":{"rendered":"","protected":false},"excerpt":{"rendered":"<p>5.85 \u20ac\/kg<\/p>\n","protected":false},"featured_media":1260050,"template":"","meta":{"_acf_changed":false,"inline_featured_image":false},"product_cat":[153,175],"product_tag":[],"acf":[],"aioseo_notices":[],"_links":{"self":[{"href":"https:\/\/ventspils.citro.lv\/ru\/wp-json\/wp\/v2\/product\/1228791"}],"collection":[{"href":"https:\/\/ventspils.citro.lv\/ru\/wp-json\/wp\/v2\/product"}],"about":[{"href":"https:\/\/ventspils.citro.lv\/ru\/wp-json\/wp\/v2\/types\/product"}],"wp:featuredmedia":[{"embeddable":true,"href":"https:\/\/ventspils.citro.lv\/ru\/wp-json\/wp\/v2\/media\/1260050"}],"wp:attachment":[{"href":"https:\/\/ventspils.citro.lv\/ru\/wp-json\/wp\/v2\/media?parent=1228791"}],"wp:term":[{"taxonomy":"product_cat","embeddable":true,"href":"https:\/\/ventspils.citro.lv\/ru\/wp-json\/wp\/v2\/product_cat?post=1228791"},{"taxonomy":"product_tag","embeddable":true,"href":"https:\/\/ventspils.citro.lv\/ru\/wp-json\/wp\/v2\/product_tag?post=1228791"}],"curies":[{"name":"wp","href":"https:\/\/api.w.org\/{rel}","templated":true}]}}