{"id":1228784,"date":"2026-04-24T11:45:13","date_gmt":"2026-04-24T08:45:13","guid":{"rendered":"https:\/\/ventspils.citro.lv\/veikals\/gudrie-graudi-grubu-paprikas-darzenu-maisijums-4x90g\/"},"modified":"2026-04-24T11:45:17","modified_gmt":"2026-04-24T08:45:17","slug":"gudrie-graudi-grubu-paprikas-darzenu-maisijums-4x90g","status":"publish","type":"product","link":"https:\/\/ventspils.citro.lv\/ru\/veikals\/gudrie-graudi-grubu-paprikas-darzenu-maisijums-4x90g\/","title":{"rendered":"Gudrie graudi gr\u016bbu, paprikas, d\u0101rze\u0146u mais\u012bjums 4x90g"},"content":{"rendered":"","protected":false},"excerpt":{"rendered":"<p>6.36 \u20ac\/kg<\/p>\n","protected":false},"featured_media":1253387,"template":"","meta":{"_acf_changed":false,"inline_featured_image":false},"product_cat":[118,121],"product_tag":[],"acf":[],"aioseo_notices":[],"_links":{"self":[{"href":"https:\/\/ventspils.citro.lv\/ru\/wp-json\/wp\/v2\/product\/1228784"}],"collection":[{"href":"https:\/\/ventspils.citro.lv\/ru\/wp-json\/wp\/v2\/product"}],"about":[{"href":"https:\/\/ventspils.citro.lv\/ru\/wp-json\/wp\/v2\/types\/product"}],"wp:featuredmedia":[{"embeddable":true,"href":"https:\/\/ventspils.citro.lv\/ru\/wp-json\/wp\/v2\/media\/1253387"}],"wp:attachment":[{"href":"https:\/\/ventspils.citro.lv\/ru\/wp-json\/wp\/v2\/media?parent=1228784"}],"wp:term":[{"taxonomy":"product_cat","embeddable":true,"href":"https:\/\/ventspils.citro.lv\/ru\/wp-json\/wp\/v2\/product_cat?post=1228784"},{"taxonomy":"product_tag","embeddable":true,"href":"https:\/\/ventspils.citro.lv\/ru\/wp-json\/wp\/v2\/product_tag?post=1228784"}],"curies":[{"name":"wp","href":"https:\/\/api.w.org\/{rel}","templated":true}]}}