{"id":1228777,"date":"2026-04-24T11:43:01","date_gmt":"2026-04-24T08:43:01","guid":{"rendered":"https:\/\/ventspils.citro.lv\/veikals\/kafijas-krejums-kolagena-ar-vanilas-garsu-iconfit-300g\/"},"modified":"2026-04-24T11:43:06","modified_gmt":"2026-04-24T08:43:06","slug":"kafijas-krejums-kolagena-ar-vanilas-garsu-iconfit-300g","status":"publish","type":"product","link":"https:\/\/ventspils.citro.lv\/ru\/veikals\/kafijas-krejums-kolagena-ar-vanilas-garsu-iconfit-300g\/","title":{"rendered":"Kafijas kr\u0113jums kolag\u0113na ar vani\u013cas gar\u0161u Iconfit 300g"},"content":{"rendered":"","protected":false},"excerpt":{"rendered":"<p>31.30 \u20ac\/kg<\/p>\n","protected":false},"featured_media":1253381,"template":"","meta":{"_acf_changed":false,"inline_featured_image":false},"product_cat":[368,116],"product_tag":[],"acf":[],"aioseo_notices":[],"_links":{"self":[{"href":"https:\/\/ventspils.citro.lv\/ru\/wp-json\/wp\/v2\/product\/1228777"}],"collection":[{"href":"https:\/\/ventspils.citro.lv\/ru\/wp-json\/wp\/v2\/product"}],"about":[{"href":"https:\/\/ventspils.citro.lv\/ru\/wp-json\/wp\/v2\/types\/product"}],"wp:featuredmedia":[{"embeddable":true,"href":"https:\/\/ventspils.citro.lv\/ru\/wp-json\/wp\/v2\/media\/1253381"}],"wp:attachment":[{"href":"https:\/\/ventspils.citro.lv\/ru\/wp-json\/wp\/v2\/media?parent=1228777"}],"wp:term":[{"taxonomy":"product_cat","embeddable":true,"href":"https:\/\/ventspils.citro.lv\/ru\/wp-json\/wp\/v2\/product_cat?post=1228777"},{"taxonomy":"product_tag","embeddable":true,"href":"https:\/\/ventspils.citro.lv\/ru\/wp-json\/wp\/v2\/product_tag?post=1228777"}],"curies":[{"name":"wp","href":"https:\/\/api.w.org\/{rel}","templated":true}]}}