{"id":1228761,"date":"2026-04-24T11:36:24","date_gmt":"2026-04-24T08:36:24","guid":{"rendered":"https:\/\/ventspils.citro.lv\/veikals\/dzeriens-sokolades-mokate-karalis-lauva-ar-avenu-garsu-27g\/"},"modified":"2026-04-24T11:36:34","modified_gmt":"2026-04-24T08:36:34","slug":"dzeriens-sokolades-mokate-karalis-lauva-ar-avenu-garsu-27g","status":"publish","type":"product","link":"https:\/\/ventspils.citro.lv\/ru\/veikals\/dzeriens-sokolades-mokate-karalis-lauva-ar-avenu-garsu-27g\/","title":{"rendered":"Dz\u0113riens \u0161okol\u0101des Mokate Karalis Lauva ar ave\u0146u gar\u0161u 27g"},"content":{"rendered":"","protected":false},"excerpt":{"rendered":"<p>42.59 \u20ac\/kg<\/p>\n","protected":false},"featured_media":1253347,"template":"","meta":{"_acf_changed":false,"inline_featured_image":false},"product_cat":[551,142],"product_tag":[],"acf":[],"aioseo_notices":[],"_links":{"self":[{"href":"https:\/\/ventspils.citro.lv\/ru\/wp-json\/wp\/v2\/product\/1228761"}],"collection":[{"href":"https:\/\/ventspils.citro.lv\/ru\/wp-json\/wp\/v2\/product"}],"about":[{"href":"https:\/\/ventspils.citro.lv\/ru\/wp-json\/wp\/v2\/types\/product"}],"wp:featuredmedia":[{"embeddable":true,"href":"https:\/\/ventspils.citro.lv\/ru\/wp-json\/wp\/v2\/media\/1253347"}],"wp:attachment":[{"href":"https:\/\/ventspils.citro.lv\/ru\/wp-json\/wp\/v2\/media?parent=1228761"}],"wp:term":[{"taxonomy":"product_cat","embeddable":true,"href":"https:\/\/ventspils.citro.lv\/ru\/wp-json\/wp\/v2\/product_cat?post=1228761"},{"taxonomy":"product_tag","embeddable":true,"href":"https:\/\/ventspils.citro.lv\/ru\/wp-json\/wp\/v2\/product_tag?post=1228761"}],"curies":[{"name":"wp","href":"https:\/\/api.w.org\/{rel}","templated":true}]}}