{"id":1228758,"date":"2026-04-24T11:36:14","date_gmt":"2026-04-24T08:36:14","guid":{"rendered":"https:\/\/ventspils.citro.lv\/veikals\/dzeriens-sokolades-mokate-karalis-lauva-150g\/"},"modified":"2026-05-04T17:50:02","modified_gmt":"2026-05-04T14:50:02","slug":"dzeriens-sokolades-mokate-karalis-lauva-150g","status":"publish","type":"product","link":"https:\/\/ventspils.citro.lv\/ru\/veikals\/dzeriens-sokolades-mokate-karalis-lauva-150g\/","title":{"rendered":"Dz\u0113riens \u0161okol\u0101des Mokate Karalis Lauva 150g"},"content":{"rendered":"","protected":false},"excerpt":{"rendered":"<p>11.27 \u20ac\/kg<\/p>\n","protected":false},"featured_media":1253344,"template":"","meta":{"_acf_changed":false,"inline_featured_image":false},"product_cat":[551,142],"product_tag":[],"acf":[],"aioseo_notices":[],"_links":{"self":[{"href":"https:\/\/ventspils.citro.lv\/ru\/wp-json\/wp\/v2\/product\/1228758"}],"collection":[{"href":"https:\/\/ventspils.citro.lv\/ru\/wp-json\/wp\/v2\/product"}],"about":[{"href":"https:\/\/ventspils.citro.lv\/ru\/wp-json\/wp\/v2\/types\/product"}],"wp:featuredmedia":[{"embeddable":true,"href":"https:\/\/ventspils.citro.lv\/ru\/wp-json\/wp\/v2\/media\/1253344"}],"wp:attachment":[{"href":"https:\/\/ventspils.citro.lv\/ru\/wp-json\/wp\/v2\/media?parent=1228758"}],"wp:term":[{"taxonomy":"product_cat","embeddable":true,"href":"https:\/\/ventspils.citro.lv\/ru\/wp-json\/wp\/v2\/product_cat?post=1228758"},{"taxonomy":"product_tag","embeddable":true,"href":"https:\/\/ventspils.citro.lv\/ru\/wp-json\/wp\/v2\/product_tag?post=1228758"}],"curies":[{"name":"wp","href":"https:\/\/api.w.org\/{rel}","templated":true}]}}