{"id":1228756,"date":"2026-05-12T08:51:03","date_gmt":"2026-05-12T05:51:03","guid":{"rendered":"https:\/\/ventspils.citro.lv\/veikals\/l-kartinins-ar-cla-un-zalas-tejas-ekstraktu-iconfit-n90\/"},"modified":"2026-05-12T08:51:12","modified_gmt":"2026-05-12T05:51:12","slug":"l-kartinins-ar-cla-un-zalas-tejas-ekstraktu-iconfit-n90","status":"publish","type":"product","link":"https:\/\/ventspils.citro.lv\/ru\/veikals\/l-kartinins-ar-cla-un-zalas-tejas-ekstraktu-iconfit-n90\/","title":{"rendered":"L-Kartin\u012bns ar CLA un za\u013c\u0101s t\u0113jas ekstraktu Iconfit N90"},"content":{"rendered":"","protected":false},"excerpt":{"rendered":"<p>0.10 \u20ac\/kg<\/p>\n","protected":false},"featured_media":1260009,"template":"","meta":{"_acf_changed":false,"inline_featured_image":false},"product_cat":[368,116],"product_tag":[],"acf":[],"aioseo_notices":[],"_links":{"self":[{"href":"https:\/\/ventspils.citro.lv\/ru\/wp-json\/wp\/v2\/product\/1228756"}],"collection":[{"href":"https:\/\/ventspils.citro.lv\/ru\/wp-json\/wp\/v2\/product"}],"about":[{"href":"https:\/\/ventspils.citro.lv\/ru\/wp-json\/wp\/v2\/types\/product"}],"wp:featuredmedia":[{"embeddable":true,"href":"https:\/\/ventspils.citro.lv\/ru\/wp-json\/wp\/v2\/media\/1260009"}],"wp:attachment":[{"href":"https:\/\/ventspils.citro.lv\/ru\/wp-json\/wp\/v2\/media?parent=1228756"}],"wp:term":[{"taxonomy":"product_cat","embeddable":true,"href":"https:\/\/ventspils.citro.lv\/ru\/wp-json\/wp\/v2\/product_cat?post=1228756"},{"taxonomy":"product_tag","embeddable":true,"href":"https:\/\/ventspils.citro.lv\/ru\/wp-json\/wp\/v2\/product_tag?post=1228756"}],"curies":[{"name":"wp","href":"https:\/\/api.w.org\/{rel}","templated":true}]}}