{"id":1228751,"date":"2026-04-08T06:36:38","date_gmt":"2026-04-08T03:36:38","guid":{"rendered":"https:\/\/ventspils.citro.lv\/veikals\/sokolades-tafele-milka-bubbly-coconut-97g\/"},"modified":"2026-04-13T22:37:22","modified_gmt":"2026-04-13T19:37:22","slug":"sokolades-tafele-milka-bubbly-coconut-97g","status":"publish","type":"product","link":"https:\/\/ventspils.citro.lv\/ru\/veikals\/sokolades-tafele-milka-bubbly-coconut-97g\/","title":{"rendered":"\u0160okol\u0101des t\u0101fele  Milka Bubbly Coconut 97g"},"content":{"rendered":"","protected":false},"excerpt":{"rendered":"<p>26.70 \u20ac\/kg<\/p>\n","protected":false},"featured_media":1241441,"template":"","meta":{"_acf_changed":false,"inline_featured_image":false},"product_cat":[547,125],"product_tag":[],"acf":[],"aioseo_notices":[],"_links":{"self":[{"href":"https:\/\/ventspils.citro.lv\/ru\/wp-json\/wp\/v2\/product\/1228751"}],"collection":[{"href":"https:\/\/ventspils.citro.lv\/ru\/wp-json\/wp\/v2\/product"}],"about":[{"href":"https:\/\/ventspils.citro.lv\/ru\/wp-json\/wp\/v2\/types\/product"}],"wp:featuredmedia":[{"embeddable":true,"href":"https:\/\/ventspils.citro.lv\/ru\/wp-json\/wp\/v2\/media\/1241441"}],"wp:attachment":[{"href":"https:\/\/ventspils.citro.lv\/ru\/wp-json\/wp\/v2\/media?parent=1228751"}],"wp:term":[{"taxonomy":"product_cat","embeddable":true,"href":"https:\/\/ventspils.citro.lv\/ru\/wp-json\/wp\/v2\/product_cat?post=1228751"},{"taxonomy":"product_tag","embeddable":true,"href":"https:\/\/ventspils.citro.lv\/ru\/wp-json\/wp\/v2\/product_tag?post=1228751"}],"curies":[{"name":"wp","href":"https:\/\/api.w.org\/{rel}","templated":true}]}}