{"id":1228749,"date":"2026-04-08T06:36:27","date_gmt":"2026-04-08T03:36:27","guid":{"rendered":"https:\/\/ventspils.citro.lv\/veikals\/sokolades-tafele-milka-bubbly-capuccino-97g\/"},"modified":"2026-04-13T22:37:21","modified_gmt":"2026-04-13T19:37:21","slug":"sokolades-tafele-milka-bubbly-capuccino-97g","status":"publish","type":"product","link":"https:\/\/ventspils.citro.lv\/ru\/veikals\/sokolades-tafele-milka-bubbly-capuccino-97g\/","title":{"rendered":"\u0160okol\u0101des t\u0101fele Milka Bubbly Capuccino 97g"},"content":{"rendered":"","protected":false},"excerpt":{"rendered":"<p>26.70 \u20ac\/kg<\/p>\n","protected":false},"featured_media":1241440,"template":"","meta":{"_acf_changed":false,"inline_featured_image":false},"product_cat":[547,125],"product_tag":[],"acf":[],"aioseo_notices":[],"_links":{"self":[{"href":"https:\/\/ventspils.citro.lv\/ru\/wp-json\/wp\/v2\/product\/1228749"}],"collection":[{"href":"https:\/\/ventspils.citro.lv\/ru\/wp-json\/wp\/v2\/product"}],"about":[{"href":"https:\/\/ventspils.citro.lv\/ru\/wp-json\/wp\/v2\/types\/product"}],"wp:featuredmedia":[{"embeddable":true,"href":"https:\/\/ventspils.citro.lv\/ru\/wp-json\/wp\/v2\/media\/1241440"}],"wp:attachment":[{"href":"https:\/\/ventspils.citro.lv\/ru\/wp-json\/wp\/v2\/media?parent=1228749"}],"wp:term":[{"taxonomy":"product_cat","embeddable":true,"href":"https:\/\/ventspils.citro.lv\/ru\/wp-json\/wp\/v2\/product_cat?post=1228749"},{"taxonomy":"product_tag","embeddable":true,"href":"https:\/\/ventspils.citro.lv\/ru\/wp-json\/wp\/v2\/product_tag?post=1228749"}],"curies":[{"name":"wp","href":"https:\/\/api.w.org\/{rel}","templated":true}]}}